{"id":5574,"date":"2016-12-03T15:44:41","date_gmt":"2016-12-03T15:44:41","guid":{"rendered":"http:\/\/demo.wpzoom.com\/inspiro\/?page_id=5574"},"modified":"2024-06-24T20:27:20","modified_gmt":"2024-06-24T18:27:20","slug":"auftrag-ziele","status":"publish","type":"page","link":"https:\/\/kiga-unterampfrach.de\/index.php\/auftrag-ziele\/","title":{"rendered":"Auftrag &amp; Ziele"},"content":{"rendered":"\t\t<div data-elementor-type=\"wp-page\" data-elementor-id=\"5574\" class=\"elementor elementor-5574\">\n\t\t\t\t<div class=\"elementor-element elementor-element-9f6faea e-flex e-con-boxed e-con e-parent\" data-id=\"9f6faea\" data-element_type=\"container\" data-core-v316-plus=\"true\">\n\t\t\t\t\t<div class=\"e-con-inner\">\n\t\t<div class=\"elementor-element elementor-element-d1043bc e-con-full e-flex e-con e-child\" data-id=\"d1043bc\" data-element_type=\"container\">\n\t\t\t\t<div class=\"elementor-element elementor-element-f733fb6 elementor-widget elementor-widget-text-editor\" data-id=\"f733fb6\" data-element_type=\"widget\" data-widget_type=\"text-editor.default\">\n\t\t\t\t<div class=\"elementor-widget-container\">\n\t\t\t<style>\/*! elementor - v3.20.0 - 26-03-2024 *\/\n.elementor-widget-text-editor.elementor-drop-cap-view-stacked .elementor-drop-cap{background-color:#69727d;color:#fff}.elementor-widget-text-editor.elementor-drop-cap-view-framed .elementor-drop-cap{color:#69727d;border:3px solid;background-color:transparent}.elementor-widget-text-editor:not(.elementor-drop-cap-view-default) .elementor-drop-cap{margin-top:8px}.elementor-widget-text-editor:not(.elementor-drop-cap-view-default) .elementor-drop-cap-letter{width:1em;height:1em}.elementor-widget-text-editor .elementor-drop-cap{float:left;text-align:center;line-height:1;font-size:50px}.elementor-widget-text-editor .elementor-drop-cap-letter{display:inline-block}<\/style>\t\t\t\t<header class=\"entry-header\" style=\"margin: 0px 0px 1.71429rem; padding-right: 0px; padding-bottom: 0px; padding-left: 0px; border: 0px; font-size: 14px; vertical-align: baseline; color: #444444; font-family: Helvetica, Arial, sans-serif;\"><h1 class=\"entry-title\" style=\"margin-bottom: 0px; padding-right: 0px; padding-bottom: 0px; padding-left: 0px; border: 0px; font-size: 1.57143rem; vertical-align: baseline; line-height: 1.2; font-weight: normal;\">Auftrag &amp; Ziele<\/h1><\/header><div class=\"entry-content\" style=\"border: 0px; font-size: 14px; vertical-align: baseline; counter-reset: footnotes 0; line-height: 1.71429; color: #444444; font-family: Helvetica, Arial, sans-serif;\"><p style=\"margin-bottom: 1.71429rem; border: 0px; vertical-align: baseline; line-height: 1.71429;\">Grundlage f\u00fcr den p\u00e4dagogischen Auftrag ist der Bayerische Bildungs- und Erziehungsplan (BEP). Im Weiteren sind die wichtigsten Inhalte und Ziele daraus sowie deren Umsetzung in der Einrichtung beschrieben.<\/p><p style=\"margin-bottom: 1.71429rem; border: 0px; vertical-align: baseline; line-height: 1.71429;\">Dabei leitet uns ein Bild vom Kind, wie es Maria Montessori beschrieben hat:<\/p><p style=\"margin-bottom: 1.71429rem; border: 0px; vertical-align: baseline; line-height: 1.71429;\"><strong style=\"margin: 0px; padding: 0px; border: 0px; vertical-align: baseline;\">\u201eDas Kind soll in seiner Einzigartigkeit als Mensch anerkannt und geachtet werden\u201c<\/strong><\/p><\/div>\t\t\t\t\t\t<\/div>\n\t\t\t\t<\/div>\n\t\t\t\t<\/div>\n\t\t<div class=\"elementor-element elementor-element-51b3ea3 e-con-full e-flex e-con e-child\" data-id=\"51b3ea3\" data-element_type=\"container\">\n\t\t\t\t<div class=\"elementor-element elementor-element-8ee5b94 elementor-widget elementor-widget-image\" data-id=\"8ee5b94\" data-element_type=\"widget\" data-widget_type=\"image.default\">\n\t\t\t\t<div class=\"elementor-widget-container\">\n\t\t\t<style>\/*! elementor - v3.20.0 - 26-03-2024 *\/\n.elementor-widget-image{text-align:center}.elementor-widget-image a{display:inline-block}.elementor-widget-image a img[src$=\".svg\"]{width:48px}.elementor-widget-image img{vertical-align:middle;display:inline-block}<\/style>\t\t\t\t\t\t\t\t\t\t<img fetchpriority=\"high\" decoding=\"async\" width=\"624\" height=\"468\" src=\"https:\/\/kiga-unterampfrach.de\/wp-content\/uploads\/2024\/06\/IMG_3406-1-624x468-1.jpg\" class=\"attachment-large size-large wp-image-6755\" alt=\"\" srcset=\"https:\/\/kiga-unterampfrach.de\/wp-content\/uploads\/2024\/06\/IMG_3406-1-624x468-1.jpg 624w, https:\/\/kiga-unterampfrach.de\/wp-content\/uploads\/2024\/06\/IMG_3406-1-624x468-1-300x225.jpg 300w, https:\/\/kiga-unterampfrach.de\/wp-content\/uploads\/2024\/06\/IMG_3406-1-624x468-1-600x450.jpg 600w\" sizes=\"100vw\" \/>\t\t\t\t\t\t\t\t\t\t\t\t\t<\/div>\n\t\t\t\t<\/div>\n\t\t\t\t<\/div>\n\t\t\t\t\t<\/div>\n\t\t\t\t<\/div>\n\t\t<div class=\"elementor-element elementor-element-d48a094 e-flex e-con-boxed e-con e-parent\" data-id=\"d48a094\" data-element_type=\"container\" data-core-v316-plus=\"true\">\n\t\t\t\t\t<div class=\"e-con-inner\">\n\t\t<div class=\"elementor-element elementor-element-49f8983 e-con-full e-flex e-con e-child\" data-id=\"49f8983\" data-element_type=\"container\">\n\t\t\t\t<div class=\"elementor-element elementor-element-fc7221b elementor-widget elementor-widget-image\" data-id=\"fc7221b\" data-element_type=\"widget\" data-widget_type=\"image.default\">\n\t\t\t\t<div class=\"elementor-widget-container\">\n\t\t\t\t\t\t\t\t\t\t\t\t\t<img decoding=\"async\" width=\"950\" height=\"533\" src=\"https:\/\/kiga-unterampfrach.de\/wp-content\/uploads\/2024\/06\/vecteezy_ai-generated-a-young-artist-paints-a-picture-with-a-cute_38807618-1024x574.jpeg\" class=\"attachment-large size-large wp-image-6759\" alt=\"\" srcset=\"https:\/\/kiga-unterampfrach.de\/wp-content\/uploads\/2024\/06\/vecteezy_ai-generated-a-young-artist-paints-a-picture-with-a-cute_38807618-1024x574.jpeg 1024w, https:\/\/kiga-unterampfrach.de\/wp-content\/uploads\/2024\/06\/vecteezy_ai-generated-a-young-artist-paints-a-picture-with-a-cute_38807618-300x168.jpeg 300w, https:\/\/kiga-unterampfrach.de\/wp-content\/uploads\/2024\/06\/vecteezy_ai-generated-a-young-artist-paints-a-picture-with-a-cute_38807618-2000x1121.jpeg 2000w, https:\/\/kiga-unterampfrach.de\/wp-content\/uploads\/2024\/06\/vecteezy_ai-generated-a-young-artist-paints-a-picture-with-a-cute_38807618-scaled-1536x861.jpeg 1536w, https:\/\/kiga-unterampfrach.de\/wp-content\/uploads\/2024\/06\/vecteezy_ai-generated-a-young-artist-paints-a-picture-with-a-cute_38807618-scaled-2048x1148.jpeg 2048w, https:\/\/kiga-unterampfrach.de\/wp-content\/uploads\/2024\/06\/vecteezy_ai-generated-a-young-artist-paints-a-picture-with-a-cute_38807618-scaled-600x336.jpeg 600w, https:\/\/kiga-unterampfrach.de\/wp-content\/uploads\/2024\/06\/vecteezy_ai-generated-a-young-artist-paints-a-picture-with-a-cute_38807618-scaled-1200x673.jpeg 1200w\" sizes=\"100vw\" \/>\t\t\t\t\t\t\t\t\t\t\t\t\t<\/div>\n\t\t\t\t<\/div>\n\t\t\t\t<\/div>\n\t\t<div class=\"elementor-element elementor-element-698c0be e-con-full e-flex e-con e-child\" data-id=\"698c0be\" data-element_type=\"container\">\n\t\t\t\t<div class=\"elementor-element elementor-element-4a85162 elementor-widget elementor-widget-text-editor\" data-id=\"4a85162\" data-element_type=\"widget\" data-widget_type=\"text-editor.default\">\n\t\t\t\t<div class=\"elementor-widget-container\">\n\t\t\t\t\t\t\t<p style=\"margin-bottom: 1.71429rem; border: 0px; font-size: 14px; vertical-align: baseline; line-height: 1.71429; color: #444444; font-family: Helvetica, Arial, sans-serif;\"><strong style=\"margin: 0px; padding: 0px; border: 0px; vertical-align: baseline;\">Partizipation<\/strong><\/p><p style=\"margin-bottom: 1.71429rem; border: 0px; font-size: 14px; vertical-align: baseline; line-height: 1.71429; color: #444444; font-family: Helvetica, Arial, sans-serif;\">Damit unsere Kinder die folgenden Kompetenzen gut entwickeln k\u00f6nnen und unsere p\u00e4dagogische Arbeit dies positiv unterst\u00fctzt, leben wir das Prinzip der\u00a0<strong style=\"margin: 0px; padding: 0px; border: 0px; vertical-align: baseline;\">Partizipation.<\/strong><\/p><p style=\"margin-bottom: 1.71429rem; border: 0px; font-size: 14px; vertical-align: baseline; line-height: 1.71429; color: #444444; font-family: Helvetica, Arial, sans-serif;\">Wir erm\u00f6glichen unseren Kindern:<\/p><ul style=\"margin-bottom: 1.71429rem; margin-left: 0px; border: 0px; font-size: 14px; vertical-align: baseline; list-style-position: outside; line-height: 1.71429; color: #444444; font-family: Helvetica, Arial, sans-serif;\"><li style=\"margin: 0px 0px 0px 2.57143rem; padding: 0px; border: 0px; vertical-align: baseline;\">\u00a0Regeln zu hinterfragen und auszuhandeln<\/li><li style=\"margin: 0px 0px 0px 2.57143rem; padding: 0px; border: 0px; vertical-align: baseline;\">Demokratie im Sinne eines wechselseitigen Austausches von Meinungen zu erfahren<\/li><li style=\"margin: 0px 0px 0px 2.57143rem; padding: 0px; border: 0px; vertical-align: baseline;\">\u00a0sich an der Gestaltung ihres Alltags zu beteiligen<\/li><\/ul>\t\t\t\t\t\t<\/div>\n\t\t\t\t<\/div>\n\t\t\t\t<\/div>\n\t\t\t\t\t<\/div>\n\t\t\t\t<\/div>\n\t\t\t\t<section class=\"elementor-section elementor-top-section elementor-element elementor-element-ae7ec6e elementor-section-boxed elementor-section-height-default elementor-section-height-default\" data-id=\"ae7ec6e\" data-element_type=\"section\">\n\t\t\t\t\t\t<div class=\"elementor-container elementor-column-gap-default\">\n\t\t\t\t\t<div class=\"elementor-column elementor-col-100 elementor-top-column elementor-element elementor-element-78ed6bd5\" data-id=\"78ed6bd5\" data-element_type=\"column\">\n\t\t\t<div class=\"elementor-widget-wrap elementor-element-populated\">\n\t\t\t\t\t\t<div class=\"elementor-element elementor-element-13a1643 elementor-widget elementor-widget-text-editor\" data-id=\"13a1643\" data-element_type=\"widget\" data-widget_type=\"text-editor.default\">\n\t\t\t\t<div class=\"elementor-widget-container\">\n\t\t\t\t\t\t\t<h1 style=\"margin-bottom: 1.71429rem; border: 0px; font-size: 14px; vertical-align: baseline; line-height: 1.71429; color: #444444; font-family: Helvetica, Arial, sans-serif; text-align: center;\">Denn:<\/h1><h1 style=\"margin-bottom: 1.71429rem; border: 0px; font-size: 14px; vertical-align: baseline; line-height: 1.71429; color: #444444; font-family: Helvetica, Arial, sans-serif; text-align: center;\">\u201eWenn ich nur darf, wenn ich soll,<\/h1><h1 style=\"margin-bottom: 1.71429rem; border: 0px; font-size: 14px; vertical-align: baseline; line-height: 1.71429; color: #444444; font-family: Helvetica, Arial, sans-serif; text-align: center;\">aber nie kann, wenn ich will,<\/h1><h1 style=\"margin-bottom: 1.71429rem; border: 0px; font-size: 14px; vertical-align: baseline; line-height: 1.71429; color: #444444; font-family: Helvetica, Arial, sans-serif; text-align: center;\">dann mag ich auch nicht, wenn ich muss.<\/h1><h1 style=\"margin-bottom: 1.71429rem; border: 0px; font-size: 14px; vertical-align: baseline; line-height: 1.71429; color: #444444; font-family: Helvetica, Arial, sans-serif; text-align: center;\">Wenn ich aber darf, wenn ich will,<\/h1><h1 style=\"margin-bottom: 1.71429rem; border: 0px; font-size: 14px; vertical-align: baseline; line-height: 1.71429; color: #444444; font-family: Helvetica, Arial, sans-serif; text-align: center;\">dann mag ich auch, wenn ich soll,<\/h1><h1 style=\"margin-bottom: 1.71429rem; border: 0px; font-size: 14px; vertical-align: baseline; line-height: 1.71429; color: #444444; font-family: Helvetica, Arial, sans-serif; text-align: center;\">und dann kann ich auch, wenn ich muss.<\/h1><h1 style=\"margin-bottom: 1.71429rem; border: 0px; font-size: 14px; vertical-align: baseline; line-height: 1.71429; color: #444444; font-family: Helvetica, Arial, sans-serif; text-align: center;\">Denn schlie\u00dflich:<\/h1><h1 style=\"margin-bottom: 1.71429rem; border: 0px; font-size: 14px; vertical-align: baseline; line-height: 1.71429; color: #444444; font-family: Helvetica, Arial, sans-serif; text-align: center;\">Die k\u00f6nnen sollen, m\u00fcssen wollen d\u00fcrfen!\u201c<\/h1>\t\t\t\t\t\t<\/div>\n\t\t\t\t<\/div>\n\t\t\t\t\t<\/div>\n\t\t<\/div>\n\t\t\t\t\t<\/div>\n\t\t<\/section>\n\t\t\t\t<\/div>\n\t\t","protected":false},"excerpt":{"rendered":"<p>Auftrag &amp; Ziele Grundlage f\u00fcr den p\u00e4dagogischen Auftrag ist der Bayerische Bildungs- und Erziehungsplan (BEP). Im Weiteren sind die wichtigsten Inhalte und Ziele daraus sowie deren Umsetzung in der Einrichtung beschrieben. Dabei leitet uns ein Bild vom Kind, wie es Maria Montessori beschrieben hat: \u201eDas Kind soll in seiner Einzigartigkeit als Mensch anerkannt und geachtet &hellip; <\/p>\n<p class=\"link-more\"><a href=\"https:\/\/kiga-unterampfrach.de\/index.php\/auftrag-ziele\/\" class=\"more-link\">Read more<span class=\"screen-reader-text\"> &#8220;Auftrag &amp; Ziele&#8221;<\/span><\/a><\/p>\n","protected":false},"author":1,"featured_media":0,"parent":0,"menu_order":0,"comment_status":"closed","ping_status":"closed","template":"page-templates\/full-width-builder-bb.php","meta":{"footnotes":""},"class_list":["post-5574","page","type-page","status-publish","hentry"],"yoast_head":"<!-- This site is optimized with the Yoast SEO plugin v23.7 - https:\/\/yoast.com\/wordpress\/plugins\/seo\/ -->\n<title>Auftrag &amp; Ziele - Kindergarten Unterampfrach Arche Noah<\/title>\n<meta name=\"robots\" content=\"index, follow, max-snippet:-1, max-image-preview:large, max-video-preview:-1\" \/>\n<link rel=\"canonical\" href=\"https:\/\/kiga-unterampfrach.de\/index.php\/auftrag-ziele\/\" \/>\n<meta property=\"og:locale\" content=\"en_US\" \/>\n<meta property=\"og:type\" content=\"article\" \/>\n<meta property=\"og:title\" content=\"Auftrag &amp; Ziele - Kindergarten Unterampfrach Arche Noah\" \/>\n<meta property=\"og:description\" content=\"Auftrag &amp; Ziele Grundlage f\u00fcr den p\u00e4dagogischen Auftrag ist der Bayerische Bildungs- und Erziehungsplan (BEP). Im Weiteren sind die wichtigsten Inhalte und Ziele daraus sowie deren Umsetzung in der Einrichtung beschrieben. Dabei leitet uns ein Bild vom Kind, wie es Maria Montessori beschrieben hat: \u201eDas Kind soll in seiner Einzigartigkeit als Mensch anerkannt und geachtet &hellip; Read more &quot;Auftrag &amp; Ziele&quot;\" \/>\n<meta property=\"og:url\" content=\"https:\/\/kiga-unterampfrach.de\/index.php\/auftrag-ziele\/\" \/>\n<meta property=\"og:site_name\" content=\"Kindergarten Unterampfrach Arche Noah\" \/>\n<meta property=\"article:modified_time\" content=\"2024-06-24T18:27:20+00:00\" \/>\n<meta property=\"og:image\" content=\"https:\/\/p-i3puwt.project.space\/wp-content\/uploads\/2024\/06\/IMG_3406-1-624x468-1.jpg\" \/>\n<meta name=\"twitter:card\" content=\"summary_large_image\" \/>\n<meta name=\"twitter:label1\" content=\"Est. reading time\" \/>\n\t<meta name=\"twitter:data1\" content=\"1 minute\" \/>\n<script type=\"application\/ld+json\" class=\"yoast-schema-graph\">{\"@context\":\"https:\/\/schema.org\",\"@graph\":[{\"@type\":\"WebPage\",\"@id\":\"https:\/\/kiga-unterampfrach.de\/index.php\/auftrag-ziele\/\",\"url\":\"https:\/\/kiga-unterampfrach.de\/index.php\/auftrag-ziele\/\",\"name\":\"Auftrag &amp; Ziele - Kindergarten Unterampfrach Arche Noah\",\"isPartOf\":{\"@id\":\"https:\/\/kiga-unterampfrach.de\/#website\"},\"primaryImageOfPage\":{\"@id\":\"https:\/\/kiga-unterampfrach.de\/index.php\/auftrag-ziele\/#primaryimage\"},\"image\":{\"@id\":\"https:\/\/kiga-unterampfrach.de\/index.php\/auftrag-ziele\/#primaryimage\"},\"thumbnailUrl\":\"https:\/\/p-i3puwt.project.space\/wp-content\/uploads\/2024\/06\/IMG_3406-1-624x468-1.jpg\",\"datePublished\":\"2016-12-03T15:44:41+00:00\",\"dateModified\":\"2024-06-24T18:27:20+00:00\",\"breadcrumb\":{\"@id\":\"https:\/\/kiga-unterampfrach.de\/index.php\/auftrag-ziele\/#breadcrumb\"},\"inLanguage\":\"en-US\",\"potentialAction\":[{\"@type\":\"ReadAction\",\"target\":[\"https:\/\/kiga-unterampfrach.de\/index.php\/auftrag-ziele\/\"]}]},{\"@type\":\"ImageObject\",\"inLanguage\":\"en-US\",\"@id\":\"https:\/\/kiga-unterampfrach.de\/index.php\/auftrag-ziele\/#primaryimage\",\"url\":\"https:\/\/p-i3puwt.project.space\/wp-content\/uploads\/2024\/06\/IMG_3406-1-624x468-1.jpg\",\"contentUrl\":\"https:\/\/p-i3puwt.project.space\/wp-content\/uploads\/2024\/06\/IMG_3406-1-624x468-1.jpg\"},{\"@type\":\"BreadcrumbList\",\"@id\":\"https:\/\/kiga-unterampfrach.de\/index.php\/auftrag-ziele\/#breadcrumb\",\"itemListElement\":[{\"@type\":\"ListItem\",\"position\":1,\"name\":\"Startseite\",\"item\":\"https:\/\/kiga-unterampfrach.de\/\"},{\"@type\":\"ListItem\",\"position\":2,\"name\":\"Auftrag &amp; Ziele\"}]},{\"@type\":\"WebSite\",\"@id\":\"https:\/\/kiga-unterampfrach.de\/#website\",\"url\":\"https:\/\/kiga-unterampfrach.de\/\",\"name\":\"Kindergarten Unterampfrach Arche Noah\",\"description\":\"Kindergarten Unterampfrach Arche Noah\",\"publisher\":{\"@id\":\"https:\/\/kiga-unterampfrach.de\/#organization\"},\"potentialAction\":[{\"@type\":\"SearchAction\",\"target\":{\"@type\":\"EntryPoint\",\"urlTemplate\":\"https:\/\/kiga-unterampfrach.de\/?s={search_term_string}\"},\"query-input\":{\"@type\":\"PropertyValueSpecification\",\"valueRequired\":true,\"valueName\":\"search_term_string\"}}],\"inLanguage\":\"en-US\"},{\"@type\":\"Organization\",\"@id\":\"https:\/\/kiga-unterampfrach.de\/#organization\",\"name\":\"Kindergarten Unterampfrach\",\"url\":\"https:\/\/kiga-unterampfrach.de\/\",\"logo\":{\"@type\":\"ImageObject\",\"inLanguage\":\"en-US\",\"@id\":\"https:\/\/kiga-unterampfrach.de\/#\/schema\/logo\/image\/\",\"url\":\"https:\/\/kiga-unterampfrach.de\/wp-content\/uploads\/2024\/04\/cropped-logo1.jpg\",\"contentUrl\":\"https:\/\/kiga-unterampfrach.de\/wp-content\/uploads\/2024\/04\/cropped-logo1.jpg\",\"width\":340,\"height\":206,\"caption\":\"Kindergarten Unterampfrach\"},\"image\":{\"@id\":\"https:\/\/kiga-unterampfrach.de\/#\/schema\/logo\/image\/\"}}]}<\/script>\n<!-- \/ Yoast SEO plugin. -->","yoast_head_json":{"title":"Auftrag &amp; Ziele - Kindergarten Unterampfrach Arche Noah","robots":{"index":"index","follow":"follow","max-snippet":"max-snippet:-1","max-image-preview":"max-image-preview:large","max-video-preview":"max-video-preview:-1"},"canonical":"https:\/\/kiga-unterampfrach.de\/index.php\/auftrag-ziele\/","og_locale":"en_US","og_type":"article","og_title":"Auftrag &amp; Ziele - Kindergarten Unterampfrach Arche Noah","og_description":"Auftrag &amp; Ziele Grundlage f\u00fcr den p\u00e4dagogischen Auftrag ist der Bayerische Bildungs- und Erziehungsplan (BEP). Im Weiteren sind die wichtigsten Inhalte und Ziele daraus sowie deren Umsetzung in der Einrichtung beschrieben. Dabei leitet uns ein Bild vom Kind, wie es Maria Montessori beschrieben hat: \u201eDas Kind soll in seiner Einzigartigkeit als Mensch anerkannt und geachtet &hellip; Read more \"Auftrag &amp; Ziele\"","og_url":"https:\/\/kiga-unterampfrach.de\/index.php\/auftrag-ziele\/","og_site_name":"Kindergarten Unterampfrach Arche Noah","article_modified_time":"2024-06-24T18:27:20+00:00","og_image":[{"url":"https:\/\/p-i3puwt.project.space\/wp-content\/uploads\/2024\/06\/IMG_3406-1-624x468-1.jpg"}],"twitter_card":"summary_large_image","twitter_misc":{"Est. reading time":"1 minute"},"schema":{"@context":"https:\/\/schema.org","@graph":[{"@type":"WebPage","@id":"https:\/\/kiga-unterampfrach.de\/index.php\/auftrag-ziele\/","url":"https:\/\/kiga-unterampfrach.de\/index.php\/auftrag-ziele\/","name":"Auftrag &amp; Ziele - Kindergarten Unterampfrach Arche Noah","isPartOf":{"@id":"https:\/\/kiga-unterampfrach.de\/#website"},"primaryImageOfPage":{"@id":"https:\/\/kiga-unterampfrach.de\/index.php\/auftrag-ziele\/#primaryimage"},"image":{"@id":"https:\/\/kiga-unterampfrach.de\/index.php\/auftrag-ziele\/#primaryimage"},"thumbnailUrl":"https:\/\/p-i3puwt.project.space\/wp-content\/uploads\/2024\/06\/IMG_3406-1-624x468-1.jpg","datePublished":"2016-12-03T15:44:41+00:00","dateModified":"2024-06-24T18:27:20+00:00","breadcrumb":{"@id":"https:\/\/kiga-unterampfrach.de\/index.php\/auftrag-ziele\/#breadcrumb"},"inLanguage":"en-US","potentialAction":[{"@type":"ReadAction","target":["https:\/\/kiga-unterampfrach.de\/index.php\/auftrag-ziele\/"]}]},{"@type":"ImageObject","inLanguage":"en-US","@id":"https:\/\/kiga-unterampfrach.de\/index.php\/auftrag-ziele\/#primaryimage","url":"https:\/\/p-i3puwt.project.space\/wp-content\/uploads\/2024\/06\/IMG_3406-1-624x468-1.jpg","contentUrl":"https:\/\/p-i3puwt.project.space\/wp-content\/uploads\/2024\/06\/IMG_3406-1-624x468-1.jpg"},{"@type":"BreadcrumbList","@id":"https:\/\/kiga-unterampfrach.de\/index.php\/auftrag-ziele\/#breadcrumb","itemListElement":[{"@type":"ListItem","position":1,"name":"Startseite","item":"https:\/\/kiga-unterampfrach.de\/"},{"@type":"ListItem","position":2,"name":"Auftrag &amp; Ziele"}]},{"@type":"WebSite","@id":"https:\/\/kiga-unterampfrach.de\/#website","url":"https:\/\/kiga-unterampfrach.de\/","name":"Kindergarten Unterampfrach Arche Noah","description":"Kindergarten Unterampfrach Arche Noah","publisher":{"@id":"https:\/\/kiga-unterampfrach.de\/#organization"},"potentialAction":[{"@type":"SearchAction","target":{"@type":"EntryPoint","urlTemplate":"https:\/\/kiga-unterampfrach.de\/?s={search_term_string}"},"query-input":{"@type":"PropertyValueSpecification","valueRequired":true,"valueName":"search_term_string"}}],"inLanguage":"en-US"},{"@type":"Organization","@id":"https:\/\/kiga-unterampfrach.de\/#organization","name":"Kindergarten Unterampfrach","url":"https:\/\/kiga-unterampfrach.de\/","logo":{"@type":"ImageObject","inLanguage":"en-US","@id":"https:\/\/kiga-unterampfrach.de\/#\/schema\/logo\/image\/","url":"https:\/\/kiga-unterampfrach.de\/wp-content\/uploads\/2024\/04\/cropped-logo1.jpg","contentUrl":"https:\/\/kiga-unterampfrach.de\/wp-content\/uploads\/2024\/04\/cropped-logo1.jpg","width":340,"height":206,"caption":"Kindergarten Unterampfrach"},"image":{"@id":"https:\/\/kiga-unterampfrach.de\/#\/schema\/logo\/image\/"}}]}},"featured_media_urls":[],"_links":{"self":[{"href":"https:\/\/kiga-unterampfrach.de\/index.php\/wp-json\/wp\/v2\/pages\/5574","targetHints":{"allow":["GET"]}}],"collection":[{"href":"https:\/\/kiga-unterampfrach.de\/index.php\/wp-json\/wp\/v2\/pages"}],"about":[{"href":"https:\/\/kiga-unterampfrach.de\/index.php\/wp-json\/wp\/v2\/types\/page"}],"author":[{"embeddable":true,"href":"https:\/\/kiga-unterampfrach.de\/index.php\/wp-json\/wp\/v2\/users\/1"}],"replies":[{"embeddable":true,"href":"https:\/\/kiga-unterampfrach.de\/index.php\/wp-json\/wp\/v2\/comments?post=5574"}],"version-history":[{"count":10,"href":"https:\/\/kiga-unterampfrach.de\/index.php\/wp-json\/wp\/v2\/pages\/5574\/revisions"}],"predecessor-version":[{"id":6765,"href":"https:\/\/kiga-unterampfrach.de\/index.php\/wp-json\/wp\/v2\/pages\/5574\/revisions\/6765"}],"wp:attachment":[{"href":"https:\/\/kiga-unterampfrach.de\/index.php\/wp-json\/wp\/v2\/media?parent=5574"}],"curies":[{"name":"wp","href":"https:\/\/api.w.org\/{rel}","templated":true}]}}