{"id":6711,"date":"2024-04-04T00:50:27","date_gmt":"2024-04-03T22:50:27","guid":{"rendered":"https:\/\/p-i3puwt.project.space\/?page_id=6711"},"modified":"2024-06-26T12:58:56","modified_gmt":"2024-06-26T10:58:56","slug":"traeger","status":"publish","type":"page","link":"https:\/\/kiga-unterampfrach.de\/index.php\/traeger\/","title":{"rendered":"Tr\u00e4ger"},"content":{"rendered":"\t\t<div data-elementor-type=\"wp-page\" data-elementor-id=\"6711\" class=\"elementor elementor-6711\">\n\t\t\t\t<div class=\"elementor-element elementor-element-9c20ca9 e-flex e-con-boxed e-con e-parent\" data-id=\"9c20ca9\" data-element_type=\"container\" data-core-v316-plus=\"true\">\n\t\t\t\t\t<div class=\"e-con-inner\">\n\t\t<div class=\"elementor-element elementor-element-c4a1d00 e-con-full e-flex e-con e-child\" data-id=\"c4a1d00\" data-element_type=\"container\">\n\t\t\t\t<div class=\"elementor-element elementor-element-53f39db elementor-widget elementor-widget-text-editor\" data-id=\"53f39db\" data-element_type=\"widget\" data-widget_type=\"text-editor.default\">\n\t\t\t\t<div class=\"elementor-widget-container\">\n\t\t\t<style>\/*! elementor - v3.20.0 - 26-03-2024 *\/\n.elementor-widget-text-editor.elementor-drop-cap-view-stacked .elementor-drop-cap{background-color:#69727d;color:#fff}.elementor-widget-text-editor.elementor-drop-cap-view-framed .elementor-drop-cap{color:#69727d;border:3px solid;background-color:transparent}.elementor-widget-text-editor:not(.elementor-drop-cap-view-default) .elementor-drop-cap{margin-top:8px}.elementor-widget-text-editor:not(.elementor-drop-cap-view-default) .elementor-drop-cap-letter{width:1em;height:1em}.elementor-widget-text-editor .elementor-drop-cap{float:left;text-align:center;line-height:1;font-size:50px}.elementor-widget-text-editor .elementor-drop-cap-letter{display:inline-block}<\/style>\t\t\t\t<p><strong>Tr\u00e4ger der Einrichtung:<\/strong><\/p>\n<p><!-- \/wp:paragraph --><!-- wp:paragraph --><\/p>\n<p><strong>Evangelischer Kindergartenverein Schnelldorf e. V.<\/strong><\/p>\n<p><!-- \/wp:paragraph --><!-- wp:paragraph --><\/p>\n<p><strong>Derzeit: 1. Vorsitzender Dekan Wigbert Lehner<\/strong><\/p>\n<p><!-- \/wp:paragraph --><!-- wp:paragraph --><\/p>\n<p><strong>Hindenburgstrasse 8<\/strong><\/p>\n<p><!-- \/wp:paragraph --><!-- wp:paragraph --><\/p>\n<p><strong>91555 Feuchtwangen<\/strong><\/p>\n<p><!-- \/wp:paragraph --><!-- wp:paragraph --><\/p>\n<p><strong>Tel: 09852\/90820<\/strong><\/p>\n<p><!-- \/wp:paragraph --><!-- wp:paragraph --><\/p>\n<p><strong>Email:\u00a0<a href=\"mailto:wigbert.lehner@elkb.de\">wigbert.lehner@elkb.de<\/a><\/strong><\/p>\n<p><!-- \/wp:paragraph --><!-- wp:paragraph --><\/p>\n<p>Der Tr\u00e4ger unserer Einrichtung ist der ev. Kindergartenverein Schnelldorf e. V.<\/p>\n<p><!-- \/wp:paragraph --><!-- wp:paragraph --><\/p>\n<p>Der erste Vorsitzende und zugleich Gesch\u00e4ftsf\u00fchrer des Kindergartenvereins ist ein Pfarrer der evang.-luth. Kirchengemeinde im Gebiet der politischen Gemeinde Schnelldorf.<\/p>\n<p><!-- \/wp:paragraph --><!-- wp:paragraph --><\/p>\n<p>Der zweite Vorsitz obliegt derzeit einem Vertreter der politischen Gemeinde Schnelldorf.<\/p>\n<p><!-- \/wp:paragraph --><!-- wp:paragraph --><\/p>\n<p>Unterst\u00fctzend sind aktive Mitglieder im Vorstand t\u00e4tig.<\/p>\n<p><!-- \/wp:paragraph --><!-- wp:paragraph --><\/p>\n<p>Weitere passive Mitglieder setzen sich mit ihrer j\u00e4hrlichen Spende in H\u00f6he von 7 \u20ac f\u00fcr das Wohl der Kinder ein. Jedes neue Mitglied ist uns herzlich willkommen.<\/p>\n<p><!-- \/wp:paragraph --><!-- wp:paragraph --><\/p>\n<p>Die Vereinsf\u00fchrung unterliegt den Regeln der Satzung des ev. Kindergartenvereins Schnelldorf e. V.<\/p>\n<p><!-- \/wp:paragraph --><!-- wp:paragraph --><\/p>\n<p><strong>Hinweis:<\/strong><\/p>\n<p><!-- \/wp:paragraph --><!-- wp:paragraph --><\/p>\n<p><strong>Der Tr\u00e4ger der Einrichtung erkl\u00e4rt sich nicht bereit zur Teilnahme an Streitbeilegungsverfahren vor Verbraucherschlichtungsstellen im Sinne von \u00a7 36 Abs. 1 Verbraucherstreitbeilegungsgesetz (VSBG). Davon unber\u00fchrt ist die M\u00f6glichkeit der Streitbeilegung durch eine Verbraucherschlichtungsstelle im Rahmen einer konkreten Streitigkeit bei Zustimmung beider Vertragsparteier (\u00a7 37 VSBG).<\/strong><\/p>\t\t\t\t\t\t<\/div>\n\t\t\t\t<\/div>\n\t\t\t\t<\/div>\n\t\t<div class=\"elementor-element elementor-element-9ad8167 e-con-full e-flex e-con e-child\" data-id=\"9ad8167\" data-element_type=\"container\">\n\t\t\t\t<div class=\"elementor-element elementor-element-491128e elementor-widget elementor-widget-image\" data-id=\"491128e\" data-element_type=\"widget\" data-widget_type=\"image.default\">\n\t\t\t\t<div class=\"elementor-widget-container\">\n\t\t\t<style>\/*! elementor - v3.20.0 - 26-03-2024 *\/\n.elementor-widget-image{text-align:center}.elementor-widget-image a{display:inline-block}.elementor-widget-image a img[src$=\".svg\"]{width:48px}.elementor-widget-image img{vertical-align:middle;display:inline-block}<\/style>\t\t\t\t\t\t\t\t\t\t<img fetchpriority=\"high\" decoding=\"async\" width=\"624\" height=\"416\" src=\"https:\/\/kiga-unterampfrach.de\/wp-content\/uploads\/2024\/06\/DSC06707-624x416-1.jpg\" class=\"attachment-large size-large wp-image-6796\" alt=\"\" srcset=\"https:\/\/kiga-unterampfrach.de\/wp-content\/uploads\/2024\/06\/DSC06707-624x416-1.jpg 624w, https:\/\/kiga-unterampfrach.de\/wp-content\/uploads\/2024\/06\/DSC06707-624x416-1-300x200.jpg 300w, https:\/\/kiga-unterampfrach.de\/wp-content\/uploads\/2024\/06\/DSC06707-624x416-1-600x400.jpg 600w\" sizes=\"100vw\" \/>\t\t\t\t\t\t\t\t\t\t\t\t\t<\/div>\n\t\t\t\t<\/div>\n\t\t\t\t<\/div>\n\t\t\t\t\t<\/div>\n\t\t\t\t<\/div>\n\t\t\t\t<\/div>\n\t\t","protected":false},"excerpt":{"rendered":"<p>Tr\u00e4ger der Einrichtung: Evangelischer Kindergartenverein Schnelldorf e. V. Derzeit: 1. Vorsitzender Dekan Wigbert Lehner Hindenburgstrasse 8 91555 Feuchtwangen Tel: 09852\/90820 Email:\u00a0wigbert.lehner@elkb.de Der Tr\u00e4ger unserer Einrichtung ist der ev. Kindergartenverein Schnelldorf e. V. Der erste Vorsitzende und zugleich Gesch\u00e4ftsf\u00fchrer des Kindergartenvereins ist ein Pfarrer der evang.-luth. Kirchengemeinde im Gebiet der politischen Gemeinde Schnelldorf. Der zweite Vorsitz &hellip; <\/p>\n<p class=\"link-more\"><a href=\"https:\/\/kiga-unterampfrach.de\/index.php\/traeger\/\" class=\"more-link\">Read more<span class=\"screen-reader-text\"> &#8220;Tr\u00e4ger&#8221;<\/span><\/a><\/p>\n","protected":false},"author":1,"featured_media":0,"parent":0,"menu_order":0,"comment_status":"closed","ping_status":"closed","template":"page-templates\/full-width-builder-bb.php","meta":{"footnotes":""},"class_list":["post-6711","page","type-page","status-publish","hentry"],"yoast_head":"<!-- This site is optimized with the Yoast SEO plugin v23.7 - https:\/\/yoast.com\/wordpress\/plugins\/seo\/ -->\n<title>Tr\u00e4ger - Kindergarten Unterampfrach Arche Noah<\/title>\n<meta name=\"robots\" content=\"index, follow, max-snippet:-1, max-image-preview:large, max-video-preview:-1\" \/>\n<link rel=\"canonical\" href=\"https:\/\/kiga-unterampfrach.de\/index.php\/traeger\/\" \/>\n<meta property=\"og:locale\" content=\"en_US\" \/>\n<meta property=\"og:type\" content=\"article\" \/>\n<meta property=\"og:title\" content=\"Tr\u00e4ger - Kindergarten Unterampfrach Arche Noah\" \/>\n<meta property=\"og:description\" content=\"Tr\u00e4ger der Einrichtung: Evangelischer Kindergartenverein Schnelldorf e. V. Derzeit: 1. Vorsitzender Dekan Wigbert Lehner Hindenburgstrasse 8 91555 Feuchtwangen Tel: 09852\/90820 Email:\u00a0wigbert.lehner@elkb.de Der Tr\u00e4ger unserer Einrichtung ist der ev. Kindergartenverein Schnelldorf e. V. Der erste Vorsitzende und zugleich Gesch\u00e4ftsf\u00fchrer des Kindergartenvereins ist ein Pfarrer der evang.-luth. Kirchengemeinde im Gebiet der politischen Gemeinde Schnelldorf. Der zweite Vorsitz &hellip; Read more &quot;Tr\u00e4ger&quot;\" \/>\n<meta property=\"og:url\" content=\"https:\/\/kiga-unterampfrach.de\/index.php\/traeger\/\" \/>\n<meta property=\"og:site_name\" content=\"Kindergarten Unterampfrach Arche Noah\" \/>\n<meta property=\"article:modified_time\" content=\"2024-06-26T10:58:56+00:00\" \/>\n<meta property=\"og:image\" content=\"https:\/\/p-i3puwt.project.space\/wp-content\/uploads\/2024\/06\/DSC06707-624x416-1.jpg\" \/>\n<meta name=\"twitter:card\" content=\"summary_large_image\" \/>\n<meta name=\"twitter:label1\" content=\"Est. reading time\" \/>\n\t<meta name=\"twitter:data1\" content=\"1 minute\" \/>\n<script type=\"application\/ld+json\" class=\"yoast-schema-graph\">{\"@context\":\"https:\/\/schema.org\",\"@graph\":[{\"@type\":\"WebPage\",\"@id\":\"https:\/\/kiga-unterampfrach.de\/index.php\/traeger\/\",\"url\":\"https:\/\/kiga-unterampfrach.de\/index.php\/traeger\/\",\"name\":\"Tr\u00e4ger - Kindergarten Unterampfrach Arche Noah\",\"isPartOf\":{\"@id\":\"https:\/\/kiga-unterampfrach.de\/#website\"},\"primaryImageOfPage\":{\"@id\":\"https:\/\/kiga-unterampfrach.de\/index.php\/traeger\/#primaryimage\"},\"image\":{\"@id\":\"https:\/\/kiga-unterampfrach.de\/index.php\/traeger\/#primaryimage\"},\"thumbnailUrl\":\"https:\/\/p-i3puwt.project.space\/wp-content\/uploads\/2024\/06\/DSC06707-624x416-1.jpg\",\"datePublished\":\"2024-04-03T22:50:27+00:00\",\"dateModified\":\"2024-06-26T10:58:56+00:00\",\"breadcrumb\":{\"@id\":\"https:\/\/kiga-unterampfrach.de\/index.php\/traeger\/#breadcrumb\"},\"inLanguage\":\"en-US\",\"potentialAction\":[{\"@type\":\"ReadAction\",\"target\":[\"https:\/\/kiga-unterampfrach.de\/index.php\/traeger\/\"]}]},{\"@type\":\"ImageObject\",\"inLanguage\":\"en-US\",\"@id\":\"https:\/\/kiga-unterampfrach.de\/index.php\/traeger\/#primaryimage\",\"url\":\"https:\/\/p-i3puwt.project.space\/wp-content\/uploads\/2024\/06\/DSC06707-624x416-1.jpg\",\"contentUrl\":\"https:\/\/p-i3puwt.project.space\/wp-content\/uploads\/2024\/06\/DSC06707-624x416-1.jpg\"},{\"@type\":\"BreadcrumbList\",\"@id\":\"https:\/\/kiga-unterampfrach.de\/index.php\/traeger\/#breadcrumb\",\"itemListElement\":[{\"@type\":\"ListItem\",\"position\":1,\"name\":\"Startseite\",\"item\":\"https:\/\/kiga-unterampfrach.de\/\"},{\"@type\":\"ListItem\",\"position\":2,\"name\":\"Tr\u00e4ger\"}]},{\"@type\":\"WebSite\",\"@id\":\"https:\/\/kiga-unterampfrach.de\/#website\",\"url\":\"https:\/\/kiga-unterampfrach.de\/\",\"name\":\"Kindergarten Unterampfrach Arche Noah\",\"description\":\"Kindergarten Unterampfrach Arche Noah\",\"publisher\":{\"@id\":\"https:\/\/kiga-unterampfrach.de\/#organization\"},\"potentialAction\":[{\"@type\":\"SearchAction\",\"target\":{\"@type\":\"EntryPoint\",\"urlTemplate\":\"https:\/\/kiga-unterampfrach.de\/?s={search_term_string}\"},\"query-input\":{\"@type\":\"PropertyValueSpecification\",\"valueRequired\":true,\"valueName\":\"search_term_string\"}}],\"inLanguage\":\"en-US\"},{\"@type\":\"Organization\",\"@id\":\"https:\/\/kiga-unterampfrach.de\/#organization\",\"name\":\"Kindergarten Unterampfrach\",\"url\":\"https:\/\/kiga-unterampfrach.de\/\",\"logo\":{\"@type\":\"ImageObject\",\"inLanguage\":\"en-US\",\"@id\":\"https:\/\/kiga-unterampfrach.de\/#\/schema\/logo\/image\/\",\"url\":\"https:\/\/kiga-unterampfrach.de\/wp-content\/uploads\/2024\/04\/cropped-logo1.jpg\",\"contentUrl\":\"https:\/\/kiga-unterampfrach.de\/wp-content\/uploads\/2024\/04\/cropped-logo1.jpg\",\"width\":340,\"height\":206,\"caption\":\"Kindergarten Unterampfrach\"},\"image\":{\"@id\":\"https:\/\/kiga-unterampfrach.de\/#\/schema\/logo\/image\/\"}}]}<\/script>\n<!-- \/ Yoast SEO plugin. -->","yoast_head_json":{"title":"Tr\u00e4ger - Kindergarten Unterampfrach Arche Noah","robots":{"index":"index","follow":"follow","max-snippet":"max-snippet:-1","max-image-preview":"max-image-preview:large","max-video-preview":"max-video-preview:-1"},"canonical":"https:\/\/kiga-unterampfrach.de\/index.php\/traeger\/","og_locale":"en_US","og_type":"article","og_title":"Tr\u00e4ger - Kindergarten Unterampfrach Arche Noah","og_description":"Tr\u00e4ger der Einrichtung: Evangelischer Kindergartenverein Schnelldorf e. V. Derzeit: 1. Vorsitzender Dekan Wigbert Lehner Hindenburgstrasse 8 91555 Feuchtwangen Tel: 09852\/90820 Email:\u00a0wigbert.lehner@elkb.de Der Tr\u00e4ger unserer Einrichtung ist der ev. Kindergartenverein Schnelldorf e. V. Der erste Vorsitzende und zugleich Gesch\u00e4ftsf\u00fchrer des Kindergartenvereins ist ein Pfarrer der evang.-luth. Kirchengemeinde im Gebiet der politischen Gemeinde Schnelldorf. Der zweite Vorsitz &hellip; Read more \"Tr\u00e4ger\"","og_url":"https:\/\/kiga-unterampfrach.de\/index.php\/traeger\/","og_site_name":"Kindergarten Unterampfrach Arche Noah","article_modified_time":"2024-06-26T10:58:56+00:00","og_image":[{"url":"https:\/\/p-i3puwt.project.space\/wp-content\/uploads\/2024\/06\/DSC06707-624x416-1.jpg"}],"twitter_card":"summary_large_image","twitter_misc":{"Est. reading time":"1 minute"},"schema":{"@context":"https:\/\/schema.org","@graph":[{"@type":"WebPage","@id":"https:\/\/kiga-unterampfrach.de\/index.php\/traeger\/","url":"https:\/\/kiga-unterampfrach.de\/index.php\/traeger\/","name":"Tr\u00e4ger - Kindergarten Unterampfrach Arche Noah","isPartOf":{"@id":"https:\/\/kiga-unterampfrach.de\/#website"},"primaryImageOfPage":{"@id":"https:\/\/kiga-unterampfrach.de\/index.php\/traeger\/#primaryimage"},"image":{"@id":"https:\/\/kiga-unterampfrach.de\/index.php\/traeger\/#primaryimage"},"thumbnailUrl":"https:\/\/p-i3puwt.project.space\/wp-content\/uploads\/2024\/06\/DSC06707-624x416-1.jpg","datePublished":"2024-04-03T22:50:27+00:00","dateModified":"2024-06-26T10:58:56+00:00","breadcrumb":{"@id":"https:\/\/kiga-unterampfrach.de\/index.php\/traeger\/#breadcrumb"},"inLanguage":"en-US","potentialAction":[{"@type":"ReadAction","target":["https:\/\/kiga-unterampfrach.de\/index.php\/traeger\/"]}]},{"@type":"ImageObject","inLanguage":"en-US","@id":"https:\/\/kiga-unterampfrach.de\/index.php\/traeger\/#primaryimage","url":"https:\/\/p-i3puwt.project.space\/wp-content\/uploads\/2024\/06\/DSC06707-624x416-1.jpg","contentUrl":"https:\/\/p-i3puwt.project.space\/wp-content\/uploads\/2024\/06\/DSC06707-624x416-1.jpg"},{"@type":"BreadcrumbList","@id":"https:\/\/kiga-unterampfrach.de\/index.php\/traeger\/#breadcrumb","itemListElement":[{"@type":"ListItem","position":1,"name":"Startseite","item":"https:\/\/kiga-unterampfrach.de\/"},{"@type":"ListItem","position":2,"name":"Tr\u00e4ger"}]},{"@type":"WebSite","@id":"https:\/\/kiga-unterampfrach.de\/#website","url":"https:\/\/kiga-unterampfrach.de\/","name":"Kindergarten Unterampfrach Arche Noah","description":"Kindergarten Unterampfrach Arche Noah","publisher":{"@id":"https:\/\/kiga-unterampfrach.de\/#organization"},"potentialAction":[{"@type":"SearchAction","target":{"@type":"EntryPoint","urlTemplate":"https:\/\/kiga-unterampfrach.de\/?s={search_term_string}"},"query-input":{"@type":"PropertyValueSpecification","valueRequired":true,"valueName":"search_term_string"}}],"inLanguage":"en-US"},{"@type":"Organization","@id":"https:\/\/kiga-unterampfrach.de\/#organization","name":"Kindergarten Unterampfrach","url":"https:\/\/kiga-unterampfrach.de\/","logo":{"@type":"ImageObject","inLanguage":"en-US","@id":"https:\/\/kiga-unterampfrach.de\/#\/schema\/logo\/image\/","url":"https:\/\/kiga-unterampfrach.de\/wp-content\/uploads\/2024\/04\/cropped-logo1.jpg","contentUrl":"https:\/\/kiga-unterampfrach.de\/wp-content\/uploads\/2024\/04\/cropped-logo1.jpg","width":340,"height":206,"caption":"Kindergarten Unterampfrach"},"image":{"@id":"https:\/\/kiga-unterampfrach.de\/#\/schema\/logo\/image\/"}}]}},"featured_media_urls":[],"_links":{"self":[{"href":"https:\/\/kiga-unterampfrach.de\/index.php\/wp-json\/wp\/v2\/pages\/6711","targetHints":{"allow":["GET"]}}],"collection":[{"href":"https:\/\/kiga-unterampfrach.de\/index.php\/wp-json\/wp\/v2\/pages"}],"about":[{"href":"https:\/\/kiga-unterampfrach.de\/index.php\/wp-json\/wp\/v2\/types\/page"}],"author":[{"embeddable":true,"href":"https:\/\/kiga-unterampfrach.de\/index.php\/wp-json\/wp\/v2\/users\/1"}],"replies":[{"embeddable":true,"href":"https:\/\/kiga-unterampfrach.de\/index.php\/wp-json\/wp\/v2\/comments?post=6711"}],"version-history":[{"count":5,"href":"https:\/\/kiga-unterampfrach.de\/index.php\/wp-json\/wp\/v2\/pages\/6711\/revisions"}],"predecessor-version":[{"id":6822,"href":"https:\/\/kiga-unterampfrach.de\/index.php\/wp-json\/wp\/v2\/pages\/6711\/revisions\/6822"}],"wp:attachment":[{"href":"https:\/\/kiga-unterampfrach.de\/index.php\/wp-json\/wp\/v2\/media?parent=6711"}],"curies":[{"name":"wp","href":"https:\/\/api.w.org\/{rel}","templated":true}]}}