{"id":6717,"date":"2024-04-04T00:51:38","date_gmt":"2024-04-03T22:51:38","guid":{"rendered":"https:\/\/p-i3puwt.project.space\/?page_id=6717"},"modified":"2024-06-24T19:30:27","modified_gmt":"2024-06-24T17:30:27","slug":"impressum","status":"publish","type":"page","link":"https:\/\/kiga-unterampfrach.de\/index.php\/impressum\/","title":{"rendered":"Impressum"},"content":{"rendered":"\t\t<div data-elementor-type=\"wp-page\" data-elementor-id=\"6717\" class=\"elementor elementor-6717\">\n\t\t\t\t<div class=\"elementor-element elementor-element-2297ffd e-flex e-con-boxed e-con e-parent\" data-id=\"2297ffd\" data-element_type=\"container\" data-core-v316-plus=\"true\">\n\t\t\t\t\t<div class=\"e-con-inner\">\n\t\t\t\t<div class=\"elementor-element elementor-element-b1f5905 elementor-widget elementor-widget-text-editor\" data-id=\"b1f5905\" data-element_type=\"widget\" data-widget_type=\"text-editor.default\">\n\t\t\t\t<div class=\"elementor-widget-container\">\n\t\t\t<style>\/*! elementor - v3.20.0 - 26-03-2024 *\/\n.elementor-widget-text-editor.elementor-drop-cap-view-stacked .elementor-drop-cap{background-color:#69727d;color:#fff}.elementor-widget-text-editor.elementor-drop-cap-view-framed .elementor-drop-cap{color:#69727d;border:3px solid;background-color:transparent}.elementor-widget-text-editor:not(.elementor-drop-cap-view-default) .elementor-drop-cap{margin-top:8px}.elementor-widget-text-editor:not(.elementor-drop-cap-view-default) .elementor-drop-cap-letter{width:1em;height:1em}.elementor-widget-text-editor .elementor-drop-cap{float:left;text-align:center;line-height:1;font-size:50px}.elementor-widget-text-editor .elementor-drop-cap-letter{display:inline-block}<\/style>\t\t\t\t<header class=\"entry-header\">\n<h1>&nbsp;<\/h1>\n<\/header>\n<div class=\"entry-content\">\n<div class=\"entry-content\">\n<p><strong style=\"margin: 0px; padding: 0px; border: 0px; font-size: 14px; vertical-align: baseline; color: rgb(68, 68, 68); font-family: Helvetica, Arial, sans-serif;\">Angaben gem\u00e4\u00df \u00a7 5 TMG:<\/strong><strong><br><\/strong><\/p>\n<p><strong>Ev. Kindergarten \u201eArche Noah\u201c Unterampfrach<\/strong><\/p>\n<p>Seinsheimerstr. 10a<\/p>\n<p>91625 Schnelldorf \u2013 Unterampfrach<\/p>\n<p>Kontakt:<\/p>\n<p>Tel: 07950-925408<\/p>\n<p>Fax: 07950-800810<\/p>\n<p>E-Mail:&nbsp;<a href=\"mailto:kita.unterampfrach@elkb.de\">kita.unterampfrach@elkb.de<\/a><\/p>\n<p>Tr\u00e4ger:<\/p>\n<p>Evang. Kindergartenverein Schnelldorf e.V.<\/p>\n<p>Pfarrgasse 2<\/p>\n<p>91625 Schnelldorf-Oberampfrach<\/p>\n<p>Tel.: 07950-2100 (B\u00fcro: \u00d6ffnungszeiten Di-Do 9:00 \u2013 12:00 Uhr)<\/p>\n<p>E-Mail:&nbsp;<a href=\"mailto:kindergartenverein.schnelldorf@elkb.de\">kindergartenverein.schnelldorf@elkb.de<\/a><\/p>\n<p>Registereintrag:<\/p>\n<p>Registergericht: Amtsgericht Ansbach<br>Registernummer: VR 224<\/p>\n<p>Steuernummer: 203\/110\/51114<\/p>\n<p>Vertreten durch:<\/p>\n<ol>\n<li>Vorsitzender<br>Pfarrer Wigbert Lehner (1.Vorsitzender)<br>Pfarrgasse 2<br>91625 Schnelldorf<br>Tel.: 07950-673<br>E-Mail:&nbsp;<a href=\"mailto:kindergartenverein.schnelldorf@elkb.de\">kindergartenverein.schnelldorf@elkb.de<\/a><\/li>\n<li>Vorsitzender<br>B\u00fcrgermeister Tobias Strau\u00df (2.Vorsitzende)<br>Schnelldorf<\/li>\n<\/ol>\n<p><strong>Streitschlichtung<\/strong><\/p>\n<p>Die Europ\u00e4ische Kommission stellt eine Plattform zur Online-<br>Streitbeilegung (OS) bereit:&nbsp;<a href=\"https:\/\/ec.europa.eu\/consumers\/odr\">https:\/\/ec.europa.eu\/consumers\/odr<\/a>.<br>Unsere E-Mail-Adresse finden Sie oben<br>im Impressum.<\/p>\n<p>Wir sind nicht bereit oder verpflichtet, an Streitbeilegungsverfahren vor einer<br>Verbraucherschlichtungsstelle teilzunehmen.<\/p>\n<p><strong>Haftung f\u00fcr Inhalte<\/strong><\/p>\n<p>Als Diensteanbieter sind wir gem\u00e4\u00df \u00a7 7 Abs.1 TMG f\u00fcr eigene Inhalte auf diesen Seiten<br>nach den allgemeinen Gesetzen verantwortlich. Nach \u00a7\u00a7 8 bis 10 TMG sind wir als<br>Diensteanbieter jedoch nicht verpflichtet, \u00fcbermittelte oder gespeicherte fremde Informationen zu \u00fcberwachen oder nach Umst\u00e4nden zu forschen, die auf eine rechtswidrige T\u00e4tigkeit<br>hinweisen.<\/p>\n<p>Verpflichtungen zur Entfernung oder Sperrung der Nutzung von Informationen nach<br>den allgemeinen Gesetzen bleiben hiervon unber\u00fchrt. Eine diesbez\u00fcgliche Haftung ist jedoch<br>erst ab dem Zeitpunkt der Kenntnis einer konkreten Rechtsverletzung m\u00f6glich. Bei Bekanntwerden von entsprechenden Rechtsverletzungen werden wir diese Inhalte umgehend entfernen.<\/p>\n<p><strong>Haftung f\u00fcr Links<\/strong><\/p>\n<p>Unser Angebot enth\u00e4lt Links zu externen Websites Dritter, auf<br>deren Inhalte wir keinen Einfluss haben. Deshalb k\u00f6nnen wir f\u00fcr diese fremden Inhalte auch<br>keine Gew\u00e4hr \u00fcbernehmen. F\u00fcr die Inhalte der verlinkten Seiten ist stets der jeweilige<br>Anbieter oder Betreiber der Seiten verantwortlich. Die verlinkten Seiten wurden zum Zeitpunkt der Verlinkung auf m\u00f6gliche Rechtsverst\u00f6\u00dfe \u00fcberpr\u00fcft. Rechtswidrige Inhalte<br>waren zum Zeitpunkt der Verlinkung nicht erkennbar.<\/p>\n<p>Eine permanente inhaltliche Kontrolle der<br>verlinkten Seiten ist jedoch ohne konkrete Anhaltspunkte einer Rechtsverletzung nicht zumutbar. Bei Bekanntwerden von Rechtsverletzungen werden wir derartige Links umgehend entfernen.<\/p>\n<p><strong>Urheberrecht<\/strong><\/p>\n<p>Die durch die Seitenbetreiber erstellten Inhalte und Werke auf diesen Seiten<br>unterliegen dem deutschen Urheberrecht. Die Vervielf\u00e4ltigung, Bearbeitung, Verbreitung und jede Art der Verwertung au\u00dferhalb der Grenzen des Urheberrechtes bed\u00fcrfen der schriftlichen<br>Zustimmung des jeweiligen Autors bzw. Erstellers. Downloads und Kopien dieser Seite sind nur f\u00fcr den privaten, nicht kommerziellen Gebrauch gestattet.<\/p>\n<p>Soweit die Inhalte auf dieser Seite nicht<br>vom Betreiber erstellt wurden, werden die Urheberrechte Dritter beachtet. Insbesondere werden Inhalte<br>Dritter als solche gekennzeichnet. Sollten Sie trotzdem auf eine Urheberrechtsverletzung aufmerksam<br>werden, bitten wir um einen entsprechenden Hinweis. Bei Bekanntwerden von Rechtsverletzungen<br>werden wir derartige Inhalte umgehend entfernen.<\/p>\n<\/div>\n<\/div>\t\t\t\t\t\t<\/div>\n\t\t\t\t<\/div>\n\t\t\t\t\t<\/div>\n\t\t\t\t<\/div>\n\t\t\t\t<\/div>\n\t\t","protected":false},"excerpt":{"rendered":"<p>&nbsp; Angaben gem\u00e4\u00df \u00a7 5 TMG: Ev. Kindergarten \u201eArche Noah\u201c Unterampfrach Seinsheimerstr. 10a 91625 Schnelldorf \u2013 Unterampfrach Kontakt: Tel: 07950-925408 Fax: 07950-800810 E-Mail:&nbsp;kita.unterampfrach@elkb.de Tr\u00e4ger: Evang. Kindergartenverein Schnelldorf e.V. Pfarrgasse 2 91625 Schnelldorf-Oberampfrach Tel.: 07950-2100 (B\u00fcro: \u00d6ffnungszeiten Di-Do 9:00 \u2013 12:00 Uhr) E-Mail:&nbsp;kindergartenverein.schnelldorf@elkb.de Registereintrag: Registergericht: Amtsgericht AnsbachRegisternummer: VR 224 Steuernummer: 203\/110\/51114 Vertreten durch: VorsitzenderPfarrer Wigbert Lehner &hellip; <\/p>\n<p class=\"link-more\"><a href=\"https:\/\/kiga-unterampfrach.de\/index.php\/impressum\/\" class=\"more-link\">Read more<span class=\"screen-reader-text\"> &#8220;Impressum&#8221;<\/span><\/a><\/p>\n","protected":false},"author":1,"featured_media":0,"parent":0,"menu_order":0,"comment_status":"closed","ping_status":"closed","template":"page-templates\/full-width-builder-bb.php","meta":{"footnotes":""},"class_list":["post-6717","page","type-page","status-publish","hentry"],"yoast_head":"<!-- This site is optimized with the Yoast SEO plugin v23.7 - https:\/\/yoast.com\/wordpress\/plugins\/seo\/ -->\n<title>Impressum - Kindergarten Unterampfrach Arche Noah<\/title>\n<meta name=\"robots\" content=\"index, follow, max-snippet:-1, max-image-preview:large, max-video-preview:-1\" \/>\n<link rel=\"canonical\" href=\"https:\/\/kiga-unterampfrach.de\/index.php\/impressum\/\" \/>\n<meta property=\"og:locale\" content=\"en_US\" \/>\n<meta property=\"og:type\" content=\"article\" \/>\n<meta property=\"og:title\" content=\"Impressum - Kindergarten Unterampfrach Arche Noah\" \/>\n<meta property=\"og:description\" content=\"&nbsp; Angaben gem\u00e4\u00df \u00a7 5 TMG: Ev. Kindergarten \u201eArche Noah\u201c Unterampfrach Seinsheimerstr. 10a 91625 Schnelldorf \u2013 Unterampfrach Kontakt: Tel: 07950-925408 Fax: 07950-800810 E-Mail:&nbsp;kita.unterampfrach@elkb.de Tr\u00e4ger: Evang. Kindergartenverein Schnelldorf e.V. Pfarrgasse 2 91625 Schnelldorf-Oberampfrach Tel.: 07950-2100 (B\u00fcro: \u00d6ffnungszeiten Di-Do 9:00 \u2013 12:00 Uhr) E-Mail:&nbsp;kindergartenverein.schnelldorf@elkb.de Registereintrag: Registergericht: Amtsgericht AnsbachRegisternummer: VR 224 Steuernummer: 203\/110\/51114 Vertreten durch: VorsitzenderPfarrer Wigbert Lehner &hellip; Read more &quot;Impressum&quot;\" \/>\n<meta property=\"og:url\" content=\"https:\/\/kiga-unterampfrach.de\/index.php\/impressum\/\" \/>\n<meta property=\"og:site_name\" content=\"Kindergarten Unterampfrach Arche Noah\" \/>\n<meta property=\"article:modified_time\" content=\"2024-06-24T17:30:27+00:00\" \/>\n<meta name=\"twitter:card\" content=\"summary_large_image\" \/>\n<meta name=\"twitter:label1\" content=\"Est. reading time\" \/>\n\t<meta name=\"twitter:data1\" content=\"2 minutes\" \/>\n<script type=\"application\/ld+json\" class=\"yoast-schema-graph\">{\"@context\":\"https:\/\/schema.org\",\"@graph\":[{\"@type\":\"WebPage\",\"@id\":\"https:\/\/kiga-unterampfrach.de\/index.php\/impressum\/\",\"url\":\"https:\/\/kiga-unterampfrach.de\/index.php\/impressum\/\",\"name\":\"Impressum - Kindergarten Unterampfrach Arche Noah\",\"isPartOf\":{\"@id\":\"https:\/\/kiga-unterampfrach.de\/#website\"},\"datePublished\":\"2024-04-03T22:51:38+00:00\",\"dateModified\":\"2024-06-24T17:30:27+00:00\",\"breadcrumb\":{\"@id\":\"https:\/\/kiga-unterampfrach.de\/index.php\/impressum\/#breadcrumb\"},\"inLanguage\":\"en-US\",\"potentialAction\":[{\"@type\":\"ReadAction\",\"target\":[\"https:\/\/kiga-unterampfrach.de\/index.php\/impressum\/\"]}]},{\"@type\":\"BreadcrumbList\",\"@id\":\"https:\/\/kiga-unterampfrach.de\/index.php\/impressum\/#breadcrumb\",\"itemListElement\":[{\"@type\":\"ListItem\",\"position\":1,\"name\":\"Startseite\",\"item\":\"https:\/\/kiga-unterampfrach.de\/\"},{\"@type\":\"ListItem\",\"position\":2,\"name\":\"Impressum\"}]},{\"@type\":\"WebSite\",\"@id\":\"https:\/\/kiga-unterampfrach.de\/#website\",\"url\":\"https:\/\/kiga-unterampfrach.de\/\",\"name\":\"Kindergarten Unterampfrach Arche Noah\",\"description\":\"Kindergarten Unterampfrach Arche Noah\",\"publisher\":{\"@id\":\"https:\/\/kiga-unterampfrach.de\/#organization\"},\"potentialAction\":[{\"@type\":\"SearchAction\",\"target\":{\"@type\":\"EntryPoint\",\"urlTemplate\":\"https:\/\/kiga-unterampfrach.de\/?s={search_term_string}\"},\"query-input\":{\"@type\":\"PropertyValueSpecification\",\"valueRequired\":true,\"valueName\":\"search_term_string\"}}],\"inLanguage\":\"en-US\"},{\"@type\":\"Organization\",\"@id\":\"https:\/\/kiga-unterampfrach.de\/#organization\",\"name\":\"Kindergarten Unterampfrach\",\"url\":\"https:\/\/kiga-unterampfrach.de\/\",\"logo\":{\"@type\":\"ImageObject\",\"inLanguage\":\"en-US\",\"@id\":\"https:\/\/kiga-unterampfrach.de\/#\/schema\/logo\/image\/\",\"url\":\"https:\/\/kiga-unterampfrach.de\/wp-content\/uploads\/2024\/04\/cropped-logo1.jpg\",\"contentUrl\":\"https:\/\/kiga-unterampfrach.de\/wp-content\/uploads\/2024\/04\/cropped-logo1.jpg\",\"width\":340,\"height\":206,\"caption\":\"Kindergarten Unterampfrach\"},\"image\":{\"@id\":\"https:\/\/kiga-unterampfrach.de\/#\/schema\/logo\/image\/\"}}]}<\/script>\n<!-- \/ Yoast SEO plugin. -->","yoast_head_json":{"title":"Impressum - Kindergarten Unterampfrach Arche Noah","robots":{"index":"index","follow":"follow","max-snippet":"max-snippet:-1","max-image-preview":"max-image-preview:large","max-video-preview":"max-video-preview:-1"},"canonical":"https:\/\/kiga-unterampfrach.de\/index.php\/impressum\/","og_locale":"en_US","og_type":"article","og_title":"Impressum - Kindergarten Unterampfrach Arche Noah","og_description":"&nbsp; Angaben gem\u00e4\u00df \u00a7 5 TMG: Ev. Kindergarten \u201eArche Noah\u201c Unterampfrach Seinsheimerstr. 10a 91625 Schnelldorf \u2013 Unterampfrach Kontakt: Tel: 07950-925408 Fax: 07950-800810 E-Mail:&nbsp;kita.unterampfrach@elkb.de Tr\u00e4ger: Evang. Kindergartenverein Schnelldorf e.V. Pfarrgasse 2 91625 Schnelldorf-Oberampfrach Tel.: 07950-2100 (B\u00fcro: \u00d6ffnungszeiten Di-Do 9:00 \u2013 12:00 Uhr) E-Mail:&nbsp;kindergartenverein.schnelldorf@elkb.de Registereintrag: Registergericht: Amtsgericht AnsbachRegisternummer: VR 224 Steuernummer: 203\/110\/51114 Vertreten durch: VorsitzenderPfarrer Wigbert Lehner &hellip; Read more \"Impressum\"","og_url":"https:\/\/kiga-unterampfrach.de\/index.php\/impressum\/","og_site_name":"Kindergarten Unterampfrach Arche Noah","article_modified_time":"2024-06-24T17:30:27+00:00","twitter_card":"summary_large_image","twitter_misc":{"Est. reading time":"2 minutes"},"schema":{"@context":"https:\/\/schema.org","@graph":[{"@type":"WebPage","@id":"https:\/\/kiga-unterampfrach.de\/index.php\/impressum\/","url":"https:\/\/kiga-unterampfrach.de\/index.php\/impressum\/","name":"Impressum - Kindergarten Unterampfrach Arche Noah","isPartOf":{"@id":"https:\/\/kiga-unterampfrach.de\/#website"},"datePublished":"2024-04-03T22:51:38+00:00","dateModified":"2024-06-24T17:30:27+00:00","breadcrumb":{"@id":"https:\/\/kiga-unterampfrach.de\/index.php\/impressum\/#breadcrumb"},"inLanguage":"en-US","potentialAction":[{"@type":"ReadAction","target":["https:\/\/kiga-unterampfrach.de\/index.php\/impressum\/"]}]},{"@type":"BreadcrumbList","@id":"https:\/\/kiga-unterampfrach.de\/index.php\/impressum\/#breadcrumb","itemListElement":[{"@type":"ListItem","position":1,"name":"Startseite","item":"https:\/\/kiga-unterampfrach.de\/"},{"@type":"ListItem","position":2,"name":"Impressum"}]},{"@type":"WebSite","@id":"https:\/\/kiga-unterampfrach.de\/#website","url":"https:\/\/kiga-unterampfrach.de\/","name":"Kindergarten Unterampfrach Arche Noah","description":"Kindergarten Unterampfrach Arche Noah","publisher":{"@id":"https:\/\/kiga-unterampfrach.de\/#organization"},"potentialAction":[{"@type":"SearchAction","target":{"@type":"EntryPoint","urlTemplate":"https:\/\/kiga-unterampfrach.de\/?s={search_term_string}"},"query-input":{"@type":"PropertyValueSpecification","valueRequired":true,"valueName":"search_term_string"}}],"inLanguage":"en-US"},{"@type":"Organization","@id":"https:\/\/kiga-unterampfrach.de\/#organization","name":"Kindergarten Unterampfrach","url":"https:\/\/kiga-unterampfrach.de\/","logo":{"@type":"ImageObject","inLanguage":"en-US","@id":"https:\/\/kiga-unterampfrach.de\/#\/schema\/logo\/image\/","url":"https:\/\/kiga-unterampfrach.de\/wp-content\/uploads\/2024\/04\/cropped-logo1.jpg","contentUrl":"https:\/\/kiga-unterampfrach.de\/wp-content\/uploads\/2024\/04\/cropped-logo1.jpg","width":340,"height":206,"caption":"Kindergarten Unterampfrach"},"image":{"@id":"https:\/\/kiga-unterampfrach.de\/#\/schema\/logo\/image\/"}}]}},"featured_media_urls":[],"_links":{"self":[{"href":"https:\/\/kiga-unterampfrach.de\/index.php\/wp-json\/wp\/v2\/pages\/6717","targetHints":{"allow":["GET"]}}],"collection":[{"href":"https:\/\/kiga-unterampfrach.de\/index.php\/wp-json\/wp\/v2\/pages"}],"about":[{"href":"https:\/\/kiga-unterampfrach.de\/index.php\/wp-json\/wp\/v2\/types\/page"}],"author":[{"embeddable":true,"href":"https:\/\/kiga-unterampfrach.de\/index.php\/wp-json\/wp\/v2\/users\/1"}],"replies":[{"embeddable":true,"href":"https:\/\/kiga-unterampfrach.de\/index.php\/wp-json\/wp\/v2\/comments?post=6717"}],"version-history":[{"count":13,"href":"https:\/\/kiga-unterampfrach.de\/index.php\/wp-json\/wp\/v2\/pages\/6717\/revisions"}],"predecessor-version":[{"id":6751,"href":"https:\/\/kiga-unterampfrach.de\/index.php\/wp-json\/wp\/v2\/pages\/6717\/revisions\/6751"}],"wp:attachment":[{"href":"https:\/\/kiga-unterampfrach.de\/index.php\/wp-json\/wp\/v2\/media?parent=6717"}],"curies":[{"name":"wp","href":"https:\/\/api.w.org\/{rel}","templated":true}]}}