{"id":6771,"date":"2024-06-24T20:33:25","date_gmt":"2024-06-24T18:33:25","guid":{"rendered":"https:\/\/p-i3puwt.project.space\/?page_id=6771"},"modified":"2024-06-24T20:39:25","modified_gmt":"2024-06-24T18:39:25","slug":"aufnahme","status":"publish","type":"page","link":"https:\/\/kiga-unterampfrach.de\/index.php\/aufnahme\/","title":{"rendered":"Aufnahme"},"content":{"rendered":"\t\t<div data-elementor-type=\"wp-page\" data-elementor-id=\"6771\" class=\"elementor elementor-6771\">\n\t\t\t\t<div class=\"elementor-element elementor-element-23b7d6a e-flex e-con-boxed e-con e-parent\" data-id=\"23b7d6a\" data-element_type=\"container\" data-core-v316-plus=\"true\">\n\t\t\t\t\t<div class=\"e-con-inner\">\n\t\t\t\t<div class=\"elementor-element elementor-element-12d0193 elementor-widget elementor-widget-image\" data-id=\"12d0193\" data-element_type=\"widget\" data-widget_type=\"image.default\">\n\t\t\t\t<div class=\"elementor-widget-container\">\n\t\t\t<style>\/*! elementor - v3.20.0 - 26-03-2024 *\/\n.elementor-widget-image{text-align:center}.elementor-widget-image a{display:inline-block}.elementor-widget-image a img[src$=\".svg\"]{width:48px}.elementor-widget-image img{vertical-align:middle;display:inline-block}<\/style>\t\t\t\t\t\t\t\t\t\t<img fetchpriority=\"high\" decoding=\"async\" width=\"624\" height=\"468\" src=\"https:\/\/kiga-unterampfrach.de\/wp-content\/uploads\/2024\/06\/IMG_3455-624x468-1.jpg\" class=\"attachment-large size-large wp-image-6787\" alt=\"\" srcset=\"https:\/\/kiga-unterampfrach.de\/wp-content\/uploads\/2024\/06\/IMG_3455-624x468-1.jpg 624w, https:\/\/kiga-unterampfrach.de\/wp-content\/uploads\/2024\/06\/IMG_3455-624x468-1-300x225.jpg 300w, https:\/\/kiga-unterampfrach.de\/wp-content\/uploads\/2024\/06\/IMG_3455-624x468-1-600x450.jpg 600w\" sizes=\"100vw\" \/>\t\t\t\t\t\t\t\t\t\t\t\t\t<\/div>\n\t\t\t\t<\/div>\n\t\t\t\t\t<\/div>\n\t\t\t\t<\/div>\n\t\t<div class=\"elementor-element elementor-element-2f1abb5 e-flex e-con-boxed e-con e-parent\" data-id=\"2f1abb5\" data-element_type=\"container\" data-core-v316-plus=\"true\">\n\t\t\t\t\t<div class=\"e-con-inner\">\n\t\t\t\t<div class=\"elementor-element elementor-element-abc694b elementor-widget elementor-widget-text-editor\" data-id=\"abc694b\" data-element_type=\"widget\" data-widget_type=\"text-editor.default\">\n\t\t\t\t<div class=\"elementor-widget-container\">\n\t\t\t<style>\/*! elementor - v3.20.0 - 26-03-2024 *\/\n.elementor-widget-text-editor.elementor-drop-cap-view-stacked .elementor-drop-cap{background-color:#69727d;color:#fff}.elementor-widget-text-editor.elementor-drop-cap-view-framed .elementor-drop-cap{color:#69727d;border:3px solid;background-color:transparent}.elementor-widget-text-editor:not(.elementor-drop-cap-view-default) .elementor-drop-cap{margin-top:8px}.elementor-widget-text-editor:not(.elementor-drop-cap-view-default) .elementor-drop-cap-letter{width:1em;height:1em}.elementor-widget-text-editor .elementor-drop-cap{float:left;text-align:center;line-height:1;font-size:50px}.elementor-widget-text-editor .elementor-drop-cap-letter{display:inline-block}<\/style>\t\t\t\t<p style=\"margin-bottom: 1.71429rem; border: 0px; font-size: 14px; vertical-align: baseline; line-height: 1.71429; color: #444444; font-family: Helvetica, Arial, sans-serif;\"><strong style=\"margin: 0px; padding: 0px; border: 0px; vertical-align: baseline;\">Aufnahmekriterien<\/strong><\/p><p style=\"margin-bottom: 1.71429rem; border: 0px; font-size: 14px; vertical-align: baseline; line-height: 1.71429; color: #444444; font-family: Helvetica, Arial, sans-serif;\">Das Kind muss mindestens 2 \u00be Jahren Jahre alt sein. \u00dcber die Aufnahme eines behinderten bzw. von Behinderung bedrohten Kindes (SGB XII) entscheidet der Vorstand nach Anh\u00f6rung der Kindergartenleitung.<\/p><p style=\"margin-bottom: 1.71429rem; border: 0px; font-size: 14px; vertical-align: baseline; line-height: 1.71429; color: #444444; font-family: Helvetica, Arial, sans-serif;\"><strong style=\"margin: 0px; padding: 0px; border: 0px; vertical-align: baseline;\">Anmeldung<\/strong><\/p><p style=\"margin-bottom: 1.71429rem; border: 0px; font-size: 14px; vertical-align: baseline; line-height: 1.71429; color: #444444; font-family: Helvetica, Arial, sans-serif;\">Zu Beginn jedes Kalenderjahres werden den neuen Eltern Anmeldetage angeboten. Die Bekanntgabe erfolgt im Mitteilungsblatt der Gemeinde Schnelldorf und durch \u00f6ffentlichen Aushang.<\/p><p style=\"margin-bottom: 1.71429rem; border: 0px; font-size: 14px; vertical-align: baseline; line-height: 1.71429; color: #444444; font-family: Helvetica, Arial, sans-serif;\">Am Anmeldetag selbst kommen die Eltern in den Kindergarten und f\u00fcllen das Anmeldeformular sowie den Buchungsbeleg aus. Diese dienen als Grundlage f\u00fcr den Betreuungsvertrag.<\/p><p style=\"margin-bottom: 1.71429rem; border: 0px; font-size: 14px; vertical-align: baseline; line-height: 1.71429; color: #444444; font-family: Helvetica, Arial, sans-serif;\"><strong style=\"margin: 0px; padding: 0px; border: 0px; vertical-align: baseline;\">Aufnahmegespr\u00e4ch<\/strong><\/p><p style=\"margin-bottom: 1.71429rem; border: 0px; font-size: 14px; vertical-align: baseline; line-height: 1.71429; color: #444444; font-family: Helvetica, Arial, sans-serif;\">Hierzu erfolgt eine pers\u00f6nliche Einladung. Dieser Termin bietet Eltern und Kindergartenleitung die Gelegenheit Kontakt zu kn\u00fcpfen, entstandene Fragen zu kl\u00e4ren und gemeinsam den Betreuungsvertrag auszuf\u00fcllen. Die offizielle Aufnahme erfolgt durch den Abschluss des Betreuungsvertrages zwischen den Personensorgeberechtigten des Kindes und dem Tr\u00e4ger des Kindergartenvereins. Neben dem \u201eBetreuungsvertrag\u201c ist die \u201eOrdnung f\u00fcr Tageseinrichtungen f\u00fcr Kinder in evangelischer Tr\u00e4gerschaft\u201c ein weiterer Bestandteil f\u00fcr die Aufnahme des Kindes. Bei der Unterzeichnung des Betreuungsvertrages erkl\u00e4ren die Eltern mit ihrer Unterschrift, dass sie die Konzeption der Einrichtung kennen und akzeptieren.<\/p><p style=\"margin-bottom: 1.71429rem; border: 0px; font-size: 14px; vertical-align: baseline; line-height: 1.71429; color: #444444; font-family: Helvetica, Arial, sans-serif;\"><strong style=\"margin: 0px; padding: 0px; border: 0px; vertical-align: baseline;\">Buchungsverfahren<\/strong><\/p><p style=\"margin-bottom: 1.71429rem; border: 0px; font-size: 14px; vertical-align: baseline; line-height: 1.71429; color: #444444; font-family: Helvetica, Arial, sans-serif;\">Augrund des Kindergartengesetzes ist es erforderlich, dass alle Eltern, deren Kinder unsere Einrichtung besuchen,\u00a0<strong style=\"margin: 0px; padding: 0px; border: 0px; vertical-align: baseline;\">f\u00fcr jedes Kindergartenjahr einen neuen Buchungsbeleg\u00a0<\/strong>ausf\u00fcllen. Die neuen Buchungen finden jedes Fr\u00fchjahr statt. Nach dem Bayerischen Kinderbildungs- und Erziehungsgesetz (BayKiBiG) wird den Regelkindern eine Mindestbuchungszeit von 20 Wochenstunden, unter Ber\u00fccksichtigung der t\u00e4glichen Kernzeit von 8.30 Uhr bis 12.30 Uhr, vorgeschrieben.<\/p><p style=\"margin-bottom: 1.71429rem; border: 0px; font-size: 14px; vertical-align: baseline; line-height: 1.71429; color: #444444; font-family: Helvetica, Arial, sans-serif;\"><strong style=\"margin: 0px; padding: 0px; border: 0px; vertical-align: baseline;\">Schnuppertag<\/strong><\/p><p style=\"margin-bottom: 1.71429rem; border: 0px; font-size: 14px; vertical-align: baseline; line-height: 1.71429; color: #444444; font-family: Helvetica, Arial, sans-serif;\">Die neuen Kinder werden zu einem Schnuppertag eingeladen. Sie k\u00f6nnen dabei die R\u00e4ume, Mitarbeiter\/innen, Kindergartenkinder und Spielangebote kennen lernen und etwas \u201eKindergartenluft\u201c schnuppern.<\/p>\t\t\t\t\t\t<\/div>\n\t\t\t\t<\/div>\n\t\t\t\t\t<\/div>\n\t\t\t\t<\/div>\n\t\t\t\t<\/div>\n\t\t","protected":false},"excerpt":{"rendered":"<p>Aufnahmekriterien Das Kind muss mindestens 2 \u00be Jahren Jahre alt sein. \u00dcber die Aufnahme eines behinderten bzw. von Behinderung bedrohten Kindes (SGB XII) entscheidet der Vorstand nach Anh\u00f6rung der Kindergartenleitung. Anmeldung Zu Beginn jedes Kalenderjahres werden den neuen Eltern Anmeldetage angeboten. Die Bekanntgabe erfolgt im Mitteilungsblatt der Gemeinde Schnelldorf und durch \u00f6ffentlichen Aushang. Am Anmeldetag &hellip; <\/p>\n<p class=\"link-more\"><a href=\"https:\/\/kiga-unterampfrach.de\/index.php\/aufnahme\/\" class=\"more-link\">Read more<span class=\"screen-reader-text\"> &#8220;Aufnahme&#8221;<\/span><\/a><\/p>\n","protected":false},"author":1,"featured_media":0,"parent":0,"menu_order":0,"comment_status":"closed","ping_status":"closed","template":"","meta":{"footnotes":""},"class_list":["post-6771","page","type-page","status-publish","hentry"],"yoast_head":"<!-- This site is optimized with the Yoast SEO plugin v23.7 - https:\/\/yoast.com\/wordpress\/plugins\/seo\/ -->\n<title>Aufnahme - Kindergarten Unterampfrach Arche Noah<\/title>\n<meta name=\"robots\" content=\"index, follow, max-snippet:-1, max-image-preview:large, max-video-preview:-1\" \/>\n<link rel=\"canonical\" href=\"https:\/\/kiga-unterampfrach.de\/index.php\/aufnahme\/\" \/>\n<meta property=\"og:locale\" content=\"en_US\" \/>\n<meta property=\"og:type\" content=\"article\" \/>\n<meta property=\"og:title\" content=\"Aufnahme - Kindergarten Unterampfrach Arche Noah\" \/>\n<meta property=\"og:description\" content=\"Aufnahmekriterien Das Kind muss mindestens 2 \u00be Jahren Jahre alt sein. \u00dcber die Aufnahme eines behinderten bzw. von Behinderung bedrohten Kindes (SGB XII) entscheidet der Vorstand nach Anh\u00f6rung der Kindergartenleitung. Anmeldung Zu Beginn jedes Kalenderjahres werden den neuen Eltern Anmeldetage angeboten. Die Bekanntgabe erfolgt im Mitteilungsblatt der Gemeinde Schnelldorf und durch \u00f6ffentlichen Aushang. Am Anmeldetag &hellip; Read more &quot;Aufnahme&quot;\" \/>\n<meta property=\"og:url\" content=\"https:\/\/kiga-unterampfrach.de\/index.php\/aufnahme\/\" \/>\n<meta property=\"og:site_name\" content=\"Kindergarten Unterampfrach Arche Noah\" \/>\n<meta property=\"article:modified_time\" content=\"2024-06-24T18:39:25+00:00\" \/>\n<meta property=\"og:image\" content=\"https:\/\/p-i3puwt.project.space\/wp-content\/uploads\/2024\/06\/IMG_3455-624x468-1.jpg\" \/>\n<meta name=\"twitter:card\" content=\"summary_large_image\" \/>\n<meta name=\"twitter:label1\" content=\"Est. reading time\" \/>\n\t<meta name=\"twitter:data1\" content=\"1 minute\" \/>\n<script type=\"application\/ld+json\" class=\"yoast-schema-graph\">{\"@context\":\"https:\/\/schema.org\",\"@graph\":[{\"@type\":\"WebPage\",\"@id\":\"https:\/\/kiga-unterampfrach.de\/index.php\/aufnahme\/\",\"url\":\"https:\/\/kiga-unterampfrach.de\/index.php\/aufnahme\/\",\"name\":\"Aufnahme - Kindergarten Unterampfrach Arche Noah\",\"isPartOf\":{\"@id\":\"https:\/\/kiga-unterampfrach.de\/#website\"},\"primaryImageOfPage\":{\"@id\":\"https:\/\/kiga-unterampfrach.de\/index.php\/aufnahme\/#primaryimage\"},\"image\":{\"@id\":\"https:\/\/kiga-unterampfrach.de\/index.php\/aufnahme\/#primaryimage\"},\"thumbnailUrl\":\"https:\/\/p-i3puwt.project.space\/wp-content\/uploads\/2024\/06\/IMG_3455-624x468-1.jpg\",\"datePublished\":\"2024-06-24T18:33:25+00:00\",\"dateModified\":\"2024-06-24T18:39:25+00:00\",\"breadcrumb\":{\"@id\":\"https:\/\/kiga-unterampfrach.de\/index.php\/aufnahme\/#breadcrumb\"},\"inLanguage\":\"en-US\",\"potentialAction\":[{\"@type\":\"ReadAction\",\"target\":[\"https:\/\/kiga-unterampfrach.de\/index.php\/aufnahme\/\"]}]},{\"@type\":\"ImageObject\",\"inLanguage\":\"en-US\",\"@id\":\"https:\/\/kiga-unterampfrach.de\/index.php\/aufnahme\/#primaryimage\",\"url\":\"https:\/\/p-i3puwt.project.space\/wp-content\/uploads\/2024\/06\/IMG_3455-624x468-1.jpg\",\"contentUrl\":\"https:\/\/p-i3puwt.project.space\/wp-content\/uploads\/2024\/06\/IMG_3455-624x468-1.jpg\"},{\"@type\":\"BreadcrumbList\",\"@id\":\"https:\/\/kiga-unterampfrach.de\/index.php\/aufnahme\/#breadcrumb\",\"itemListElement\":[{\"@type\":\"ListItem\",\"position\":1,\"name\":\"Startseite\",\"item\":\"https:\/\/kiga-unterampfrach.de\/\"},{\"@type\":\"ListItem\",\"position\":2,\"name\":\"Aufnahme\"}]},{\"@type\":\"WebSite\",\"@id\":\"https:\/\/kiga-unterampfrach.de\/#website\",\"url\":\"https:\/\/kiga-unterampfrach.de\/\",\"name\":\"Kindergarten Unterampfrach Arche Noah\",\"description\":\"Kindergarten Unterampfrach Arche Noah\",\"publisher\":{\"@id\":\"https:\/\/kiga-unterampfrach.de\/#organization\"},\"potentialAction\":[{\"@type\":\"SearchAction\",\"target\":{\"@type\":\"EntryPoint\",\"urlTemplate\":\"https:\/\/kiga-unterampfrach.de\/?s={search_term_string}\"},\"query-input\":{\"@type\":\"PropertyValueSpecification\",\"valueRequired\":true,\"valueName\":\"search_term_string\"}}],\"inLanguage\":\"en-US\"},{\"@type\":\"Organization\",\"@id\":\"https:\/\/kiga-unterampfrach.de\/#organization\",\"name\":\"Kindergarten Unterampfrach\",\"url\":\"https:\/\/kiga-unterampfrach.de\/\",\"logo\":{\"@type\":\"ImageObject\",\"inLanguage\":\"en-US\",\"@id\":\"https:\/\/kiga-unterampfrach.de\/#\/schema\/logo\/image\/\",\"url\":\"https:\/\/kiga-unterampfrach.de\/wp-content\/uploads\/2024\/04\/cropped-logo1.jpg\",\"contentUrl\":\"https:\/\/kiga-unterampfrach.de\/wp-content\/uploads\/2024\/04\/cropped-logo1.jpg\",\"width\":340,\"height\":206,\"caption\":\"Kindergarten Unterampfrach\"},\"image\":{\"@id\":\"https:\/\/kiga-unterampfrach.de\/#\/schema\/logo\/image\/\"}}]}<\/script>\n<!-- \/ Yoast SEO plugin. -->","yoast_head_json":{"title":"Aufnahme - Kindergarten Unterampfrach Arche Noah","robots":{"index":"index","follow":"follow","max-snippet":"max-snippet:-1","max-image-preview":"max-image-preview:large","max-video-preview":"max-video-preview:-1"},"canonical":"https:\/\/kiga-unterampfrach.de\/index.php\/aufnahme\/","og_locale":"en_US","og_type":"article","og_title":"Aufnahme - Kindergarten Unterampfrach Arche Noah","og_description":"Aufnahmekriterien Das Kind muss mindestens 2 \u00be Jahren Jahre alt sein. \u00dcber die Aufnahme eines behinderten bzw. von Behinderung bedrohten Kindes (SGB XII) entscheidet der Vorstand nach Anh\u00f6rung der Kindergartenleitung. Anmeldung Zu Beginn jedes Kalenderjahres werden den neuen Eltern Anmeldetage angeboten. Die Bekanntgabe erfolgt im Mitteilungsblatt der Gemeinde Schnelldorf und durch \u00f6ffentlichen Aushang. Am Anmeldetag &hellip; Read more \"Aufnahme\"","og_url":"https:\/\/kiga-unterampfrach.de\/index.php\/aufnahme\/","og_site_name":"Kindergarten Unterampfrach Arche Noah","article_modified_time":"2024-06-24T18:39:25+00:00","og_image":[{"url":"https:\/\/p-i3puwt.project.space\/wp-content\/uploads\/2024\/06\/IMG_3455-624x468-1.jpg"}],"twitter_card":"summary_large_image","twitter_misc":{"Est. reading time":"1 minute"},"schema":{"@context":"https:\/\/schema.org","@graph":[{"@type":"WebPage","@id":"https:\/\/kiga-unterampfrach.de\/index.php\/aufnahme\/","url":"https:\/\/kiga-unterampfrach.de\/index.php\/aufnahme\/","name":"Aufnahme - Kindergarten Unterampfrach Arche Noah","isPartOf":{"@id":"https:\/\/kiga-unterampfrach.de\/#website"},"primaryImageOfPage":{"@id":"https:\/\/kiga-unterampfrach.de\/index.php\/aufnahme\/#primaryimage"},"image":{"@id":"https:\/\/kiga-unterampfrach.de\/index.php\/aufnahme\/#primaryimage"},"thumbnailUrl":"https:\/\/p-i3puwt.project.space\/wp-content\/uploads\/2024\/06\/IMG_3455-624x468-1.jpg","datePublished":"2024-06-24T18:33:25+00:00","dateModified":"2024-06-24T18:39:25+00:00","breadcrumb":{"@id":"https:\/\/kiga-unterampfrach.de\/index.php\/aufnahme\/#breadcrumb"},"inLanguage":"en-US","potentialAction":[{"@type":"ReadAction","target":["https:\/\/kiga-unterampfrach.de\/index.php\/aufnahme\/"]}]},{"@type":"ImageObject","inLanguage":"en-US","@id":"https:\/\/kiga-unterampfrach.de\/index.php\/aufnahme\/#primaryimage","url":"https:\/\/p-i3puwt.project.space\/wp-content\/uploads\/2024\/06\/IMG_3455-624x468-1.jpg","contentUrl":"https:\/\/p-i3puwt.project.space\/wp-content\/uploads\/2024\/06\/IMG_3455-624x468-1.jpg"},{"@type":"BreadcrumbList","@id":"https:\/\/kiga-unterampfrach.de\/index.php\/aufnahme\/#breadcrumb","itemListElement":[{"@type":"ListItem","position":1,"name":"Startseite","item":"https:\/\/kiga-unterampfrach.de\/"},{"@type":"ListItem","position":2,"name":"Aufnahme"}]},{"@type":"WebSite","@id":"https:\/\/kiga-unterampfrach.de\/#website","url":"https:\/\/kiga-unterampfrach.de\/","name":"Kindergarten Unterampfrach Arche Noah","description":"Kindergarten Unterampfrach Arche Noah","publisher":{"@id":"https:\/\/kiga-unterampfrach.de\/#organization"},"potentialAction":[{"@type":"SearchAction","target":{"@type":"EntryPoint","urlTemplate":"https:\/\/kiga-unterampfrach.de\/?s={search_term_string}"},"query-input":{"@type":"PropertyValueSpecification","valueRequired":true,"valueName":"search_term_string"}}],"inLanguage":"en-US"},{"@type":"Organization","@id":"https:\/\/kiga-unterampfrach.de\/#organization","name":"Kindergarten Unterampfrach","url":"https:\/\/kiga-unterampfrach.de\/","logo":{"@type":"ImageObject","inLanguage":"en-US","@id":"https:\/\/kiga-unterampfrach.de\/#\/schema\/logo\/image\/","url":"https:\/\/kiga-unterampfrach.de\/wp-content\/uploads\/2024\/04\/cropped-logo1.jpg","contentUrl":"https:\/\/kiga-unterampfrach.de\/wp-content\/uploads\/2024\/04\/cropped-logo1.jpg","width":340,"height":206,"caption":"Kindergarten Unterampfrach"},"image":{"@id":"https:\/\/kiga-unterampfrach.de\/#\/schema\/logo\/image\/"}}]}},"featured_media_urls":[],"_links":{"self":[{"href":"https:\/\/kiga-unterampfrach.de\/index.php\/wp-json\/wp\/v2\/pages\/6771","targetHints":{"allow":["GET"]}}],"collection":[{"href":"https:\/\/kiga-unterampfrach.de\/index.php\/wp-json\/wp\/v2\/pages"}],"about":[{"href":"https:\/\/kiga-unterampfrach.de\/index.php\/wp-json\/wp\/v2\/types\/page"}],"author":[{"embeddable":true,"href":"https:\/\/kiga-unterampfrach.de\/index.php\/wp-json\/wp\/v2\/users\/1"}],"replies":[{"embeddable":true,"href":"https:\/\/kiga-unterampfrach.de\/index.php\/wp-json\/wp\/v2\/comments?post=6771"}],"version-history":[{"count":4,"href":"https:\/\/kiga-unterampfrach.de\/index.php\/wp-json\/wp\/v2\/pages\/6771\/revisions"}],"predecessor-version":[{"id":6791,"href":"https:\/\/kiga-unterampfrach.de\/index.php\/wp-json\/wp\/v2\/pages\/6771\/revisions\/6791"}],"wp:attachment":[{"href":"https:\/\/kiga-unterampfrach.de\/index.php\/wp-json\/wp\/v2\/media?parent=6771"}],"curies":[{"name":"wp","href":"https:\/\/api.w.org\/{rel}","templated":true}]}}