{"id":6773,"date":"2024-06-24T20:33:48","date_gmt":"2024-06-24T18:33:48","guid":{"rendered":"https:\/\/p-i3puwt.project.space\/?page_id=6773"},"modified":"2024-06-24T20:40:52","modified_gmt":"2024-06-24T18:40:52","slug":"offnungszeiten","status":"publish","type":"page","link":"https:\/\/kiga-unterampfrach.de\/index.php\/offnungszeiten\/","title":{"rendered":"\u00d6ffnungszeiten"},"content":{"rendered":"\t\t<div data-elementor-type=\"wp-page\" data-elementor-id=\"6773\" class=\"elementor elementor-6773\">\n\t\t\t\t<div class=\"elementor-element elementor-element-70dd664 e-flex e-con-boxed e-con e-parent\" data-id=\"70dd664\" data-element_type=\"container\" data-core-v316-plus=\"true\">\n\t\t\t\t\t<div class=\"e-con-inner\">\n\t\t<div class=\"elementor-element elementor-element-a74bf6d e-con-full e-flex e-con e-child\" data-id=\"a74bf6d\" data-element_type=\"container\">\n\t\t\t\t<div class=\"elementor-element elementor-element-f9393a9 elementor-widget elementor-widget-text-editor\" data-id=\"f9393a9\" data-element_type=\"widget\" data-widget_type=\"text-editor.default\">\n\t\t\t\t<div class=\"elementor-widget-container\">\n\t\t\t<style>\/*! elementor - v3.20.0 - 26-03-2024 *\/\n.elementor-widget-text-editor.elementor-drop-cap-view-stacked .elementor-drop-cap{background-color:#69727d;color:#fff}.elementor-widget-text-editor.elementor-drop-cap-view-framed .elementor-drop-cap{color:#69727d;border:3px solid;background-color:transparent}.elementor-widget-text-editor:not(.elementor-drop-cap-view-default) .elementor-drop-cap{margin-top:8px}.elementor-widget-text-editor:not(.elementor-drop-cap-view-default) .elementor-drop-cap-letter{width:1em;height:1em}.elementor-widget-text-editor .elementor-drop-cap{float:left;text-align:center;line-height:1;font-size:50px}.elementor-widget-text-editor .elementor-drop-cap-letter{display:inline-block}<\/style>\t\t\t\t<p><span style=\"color: rgb(68, 68, 68); font-family: Helvetica, Arial, sans-serif; font-size: 14px;\">Unser Kindergarten ist von Montag bis Freitag zwischen 7.00 Uhr und 15.00 Uhr ge\u00f6ffnet.&nbsp;<\/span><\/p><p><span style=\"color: rgb(68, 68, 68); font-family: Helvetica, Arial, sans-serif; font-size: 14px;\">Die Bringzeit endet am Morgen um 8.30 Uhr.&nbsp;<\/span><\/p><p><span style=\"color: rgb(68, 68, 68); font-family: Helvetica, Arial, sans-serif; font-size: 14px;\">In Absprache mit den Familien wurden die Abholzeiten grunds\u00e4tzlich festgelegt auf 12.30 Uhr und 14.45 Uhr.&nbsp;<\/span><\/p><p><span style=\"color: rgb(68, 68, 68); font-family: Helvetica, Arial, sans-serif; font-size: 14px;\">Sie dauern jeweils eine \u00bc Stunde und erm\u00f6glichen einen harmonischen Tagesverlauf.&nbsp;<\/span><\/p><p><span style=\"color: rgb(68, 68, 68); font-family: Helvetica, Arial, sans-serif; font-size: 14px;\">Durch das pers\u00f6nliche Begr\u00fc\u00dfen \/ Verabschieden wird die Aufsichtspflicht bei der \u00dcbergabe bewusst \u00fcbertragen.<\/span><br><\/p>\t\t\t\t\t\t<\/div>\n\t\t\t\t<\/div>\n\t\t\t\t<\/div>\n\t\t<div class=\"elementor-element elementor-element-32efa7c e-con-full e-flex e-con e-child\" data-id=\"32efa7c\" data-element_type=\"container\">\n\t\t\t\t<div class=\"elementor-element elementor-element-75fdf7b elementor-widget elementor-widget-image\" data-id=\"75fdf7b\" data-element_type=\"widget\" data-widget_type=\"image.default\">\n\t\t\t\t<div class=\"elementor-widget-container\">\n\t\t\t<style>\/*! elementor - v3.20.0 - 26-03-2024 *\/\n.elementor-widget-image{text-align:center}.elementor-widget-image a{display:inline-block}.elementor-widget-image a img[src$=\".svg\"]{width:48px}.elementor-widget-image img{vertical-align:middle;display:inline-block}<\/style>\t\t\t\t\t\t\t\t\t\t<img fetchpriority=\"high\" decoding=\"async\" width=\"624\" height=\"832\" src=\"https:\/\/kiga-unterampfrach.de\/wp-content\/uploads\/2024\/06\/IMG_3411-e1588278250987-624x832-1.jpg\" class=\"attachment-large size-large wp-image-6792\" alt=\"\" srcset=\"https:\/\/kiga-unterampfrach.de\/wp-content\/uploads\/2024\/06\/IMG_3411-e1588278250987-624x832-1.jpg 624w, https:\/\/kiga-unterampfrach.de\/wp-content\/uploads\/2024\/06\/IMG_3411-e1588278250987-624x832-1-225x300.jpg 225w, https:\/\/kiga-unterampfrach.de\/wp-content\/uploads\/2024\/06\/IMG_3411-e1588278250987-624x832-1-600x800.jpg 600w\" sizes=\"100vw\" \/>\t\t\t\t\t\t\t\t\t\t\t\t\t<\/div>\n\t\t\t\t<\/div>\n\t\t\t\t<\/div>\n\t\t\t\t\t<\/div>\n\t\t\t\t<\/div>\n\t\t\t\t<\/div>\n\t\t","protected":false},"excerpt":{"rendered":"<p>Unser Kindergarten ist von Montag bis Freitag zwischen 7.00 Uhr und 15.00 Uhr ge\u00f6ffnet.&nbsp; Die Bringzeit endet am Morgen um 8.30 Uhr.&nbsp; In Absprache mit den Familien wurden die Abholzeiten grunds\u00e4tzlich festgelegt auf 12.30 Uhr und 14.45 Uhr.&nbsp; Sie dauern jeweils eine \u00bc Stunde und erm\u00f6glichen einen harmonischen Tagesverlauf.&nbsp; Durch das pers\u00f6nliche Begr\u00fc\u00dfen \/ Verabschieden &hellip; <\/p>\n<p class=\"link-more\"><a href=\"https:\/\/kiga-unterampfrach.de\/index.php\/offnungszeiten\/\" class=\"more-link\">Read more<span class=\"screen-reader-text\"> &#8220;\u00d6ffnungszeiten&#8221;<\/span><\/a><\/p>\n","protected":false},"author":1,"featured_media":0,"parent":0,"menu_order":0,"comment_status":"closed","ping_status":"closed","template":"","meta":{"footnotes":""},"class_list":["post-6773","page","type-page","status-publish","hentry"],"yoast_head":"<!-- This site is optimized with the Yoast SEO plugin v23.7 - https:\/\/yoast.com\/wordpress\/plugins\/seo\/ -->\n<title>\u00d6ffnungszeiten - Kindergarten Unterampfrach Arche Noah<\/title>\n<meta name=\"robots\" content=\"index, follow, max-snippet:-1, max-image-preview:large, max-video-preview:-1\" \/>\n<link rel=\"canonical\" href=\"https:\/\/kiga-unterampfrach.de\/index.php\/offnungszeiten\/\" \/>\n<meta property=\"og:locale\" content=\"en_US\" \/>\n<meta property=\"og:type\" content=\"article\" \/>\n<meta property=\"og:title\" content=\"\u00d6ffnungszeiten - Kindergarten Unterampfrach Arche Noah\" \/>\n<meta property=\"og:description\" content=\"Unser Kindergarten ist von Montag bis Freitag zwischen 7.00 Uhr und 15.00 Uhr ge\u00f6ffnet.&nbsp; Die Bringzeit endet am Morgen um 8.30 Uhr.&nbsp; In Absprache mit den Familien wurden die Abholzeiten grunds\u00e4tzlich festgelegt auf 12.30 Uhr und 14.45 Uhr.&nbsp; Sie dauern jeweils eine \u00bc Stunde und erm\u00f6glichen einen harmonischen Tagesverlauf.&nbsp; Durch das pers\u00f6nliche Begr\u00fc\u00dfen \/ Verabschieden &hellip; Read more &quot;\u00d6ffnungszeiten&quot;\" \/>\n<meta property=\"og:url\" content=\"https:\/\/kiga-unterampfrach.de\/index.php\/offnungszeiten\/\" \/>\n<meta property=\"og:site_name\" content=\"Kindergarten Unterampfrach Arche Noah\" \/>\n<meta property=\"article:modified_time\" content=\"2024-06-24T18:40:52+00:00\" \/>\n<meta property=\"og:image\" content=\"https:\/\/p-i3puwt.project.space\/wp-content\/uploads\/2024\/06\/IMG_3411-e1588278250987-624x832-1.jpg\" \/>\n<meta name=\"twitter:card\" content=\"summary_large_image\" \/>\n<script type=\"application\/ld+json\" class=\"yoast-schema-graph\">{\"@context\":\"https:\/\/schema.org\",\"@graph\":[{\"@type\":\"WebPage\",\"@id\":\"https:\/\/kiga-unterampfrach.de\/index.php\/offnungszeiten\/\",\"url\":\"https:\/\/kiga-unterampfrach.de\/index.php\/offnungszeiten\/\",\"name\":\"\u00d6ffnungszeiten - Kindergarten Unterampfrach Arche Noah\",\"isPartOf\":{\"@id\":\"https:\/\/kiga-unterampfrach.de\/#website\"},\"primaryImageOfPage\":{\"@id\":\"https:\/\/kiga-unterampfrach.de\/index.php\/offnungszeiten\/#primaryimage\"},\"image\":{\"@id\":\"https:\/\/kiga-unterampfrach.de\/index.php\/offnungszeiten\/#primaryimage\"},\"thumbnailUrl\":\"https:\/\/p-i3puwt.project.space\/wp-content\/uploads\/2024\/06\/IMG_3411-e1588278250987-624x832-1.jpg\",\"datePublished\":\"2024-06-24T18:33:48+00:00\",\"dateModified\":\"2024-06-24T18:40:52+00:00\",\"breadcrumb\":{\"@id\":\"https:\/\/kiga-unterampfrach.de\/index.php\/offnungszeiten\/#breadcrumb\"},\"inLanguage\":\"en-US\",\"potentialAction\":[{\"@type\":\"ReadAction\",\"target\":[\"https:\/\/kiga-unterampfrach.de\/index.php\/offnungszeiten\/\"]}]},{\"@type\":\"ImageObject\",\"inLanguage\":\"en-US\",\"@id\":\"https:\/\/kiga-unterampfrach.de\/index.php\/offnungszeiten\/#primaryimage\",\"url\":\"https:\/\/p-i3puwt.project.space\/wp-content\/uploads\/2024\/06\/IMG_3411-e1588278250987-624x832-1.jpg\",\"contentUrl\":\"https:\/\/p-i3puwt.project.space\/wp-content\/uploads\/2024\/06\/IMG_3411-e1588278250987-624x832-1.jpg\"},{\"@type\":\"BreadcrumbList\",\"@id\":\"https:\/\/kiga-unterampfrach.de\/index.php\/offnungszeiten\/#breadcrumb\",\"itemListElement\":[{\"@type\":\"ListItem\",\"position\":1,\"name\":\"Startseite\",\"item\":\"https:\/\/kiga-unterampfrach.de\/\"},{\"@type\":\"ListItem\",\"position\":2,\"name\":\"\u00d6ffnungszeiten\"}]},{\"@type\":\"WebSite\",\"@id\":\"https:\/\/kiga-unterampfrach.de\/#website\",\"url\":\"https:\/\/kiga-unterampfrach.de\/\",\"name\":\"Kindergarten Unterampfrach Arche Noah\",\"description\":\"Kindergarten Unterampfrach Arche Noah\",\"publisher\":{\"@id\":\"https:\/\/kiga-unterampfrach.de\/#organization\"},\"potentialAction\":[{\"@type\":\"SearchAction\",\"target\":{\"@type\":\"EntryPoint\",\"urlTemplate\":\"https:\/\/kiga-unterampfrach.de\/?s={search_term_string}\"},\"query-input\":{\"@type\":\"PropertyValueSpecification\",\"valueRequired\":true,\"valueName\":\"search_term_string\"}}],\"inLanguage\":\"en-US\"},{\"@type\":\"Organization\",\"@id\":\"https:\/\/kiga-unterampfrach.de\/#organization\",\"name\":\"Kindergarten Unterampfrach\",\"url\":\"https:\/\/kiga-unterampfrach.de\/\",\"logo\":{\"@type\":\"ImageObject\",\"inLanguage\":\"en-US\",\"@id\":\"https:\/\/kiga-unterampfrach.de\/#\/schema\/logo\/image\/\",\"url\":\"https:\/\/kiga-unterampfrach.de\/wp-content\/uploads\/2024\/04\/cropped-logo1.jpg\",\"contentUrl\":\"https:\/\/kiga-unterampfrach.de\/wp-content\/uploads\/2024\/04\/cropped-logo1.jpg\",\"width\":340,\"height\":206,\"caption\":\"Kindergarten Unterampfrach\"},\"image\":{\"@id\":\"https:\/\/kiga-unterampfrach.de\/#\/schema\/logo\/image\/\"}}]}<\/script>\n<!-- \/ Yoast SEO plugin. -->","yoast_head_json":{"title":"\u00d6ffnungszeiten - Kindergarten Unterampfrach Arche Noah","robots":{"index":"index","follow":"follow","max-snippet":"max-snippet:-1","max-image-preview":"max-image-preview:large","max-video-preview":"max-video-preview:-1"},"canonical":"https:\/\/kiga-unterampfrach.de\/index.php\/offnungszeiten\/","og_locale":"en_US","og_type":"article","og_title":"\u00d6ffnungszeiten - Kindergarten Unterampfrach Arche Noah","og_description":"Unser Kindergarten ist von Montag bis Freitag zwischen 7.00 Uhr und 15.00 Uhr ge\u00f6ffnet.&nbsp; Die Bringzeit endet am Morgen um 8.30 Uhr.&nbsp; In Absprache mit den Familien wurden die Abholzeiten grunds\u00e4tzlich festgelegt auf 12.30 Uhr und 14.45 Uhr.&nbsp; Sie dauern jeweils eine \u00bc Stunde und erm\u00f6glichen einen harmonischen Tagesverlauf.&nbsp; Durch das pers\u00f6nliche Begr\u00fc\u00dfen \/ Verabschieden &hellip; Read more \"\u00d6ffnungszeiten\"","og_url":"https:\/\/kiga-unterampfrach.de\/index.php\/offnungszeiten\/","og_site_name":"Kindergarten Unterampfrach Arche Noah","article_modified_time":"2024-06-24T18:40:52+00:00","og_image":[{"url":"https:\/\/p-i3puwt.project.space\/wp-content\/uploads\/2024\/06\/IMG_3411-e1588278250987-624x832-1.jpg"}],"twitter_card":"summary_large_image","schema":{"@context":"https:\/\/schema.org","@graph":[{"@type":"WebPage","@id":"https:\/\/kiga-unterampfrach.de\/index.php\/offnungszeiten\/","url":"https:\/\/kiga-unterampfrach.de\/index.php\/offnungszeiten\/","name":"\u00d6ffnungszeiten - Kindergarten Unterampfrach Arche Noah","isPartOf":{"@id":"https:\/\/kiga-unterampfrach.de\/#website"},"primaryImageOfPage":{"@id":"https:\/\/kiga-unterampfrach.de\/index.php\/offnungszeiten\/#primaryimage"},"image":{"@id":"https:\/\/kiga-unterampfrach.de\/index.php\/offnungszeiten\/#primaryimage"},"thumbnailUrl":"https:\/\/p-i3puwt.project.space\/wp-content\/uploads\/2024\/06\/IMG_3411-e1588278250987-624x832-1.jpg","datePublished":"2024-06-24T18:33:48+00:00","dateModified":"2024-06-24T18:40:52+00:00","breadcrumb":{"@id":"https:\/\/kiga-unterampfrach.de\/index.php\/offnungszeiten\/#breadcrumb"},"inLanguage":"en-US","potentialAction":[{"@type":"ReadAction","target":["https:\/\/kiga-unterampfrach.de\/index.php\/offnungszeiten\/"]}]},{"@type":"ImageObject","inLanguage":"en-US","@id":"https:\/\/kiga-unterampfrach.de\/index.php\/offnungszeiten\/#primaryimage","url":"https:\/\/p-i3puwt.project.space\/wp-content\/uploads\/2024\/06\/IMG_3411-e1588278250987-624x832-1.jpg","contentUrl":"https:\/\/p-i3puwt.project.space\/wp-content\/uploads\/2024\/06\/IMG_3411-e1588278250987-624x832-1.jpg"},{"@type":"BreadcrumbList","@id":"https:\/\/kiga-unterampfrach.de\/index.php\/offnungszeiten\/#breadcrumb","itemListElement":[{"@type":"ListItem","position":1,"name":"Startseite","item":"https:\/\/kiga-unterampfrach.de\/"},{"@type":"ListItem","position":2,"name":"\u00d6ffnungszeiten"}]},{"@type":"WebSite","@id":"https:\/\/kiga-unterampfrach.de\/#website","url":"https:\/\/kiga-unterampfrach.de\/","name":"Kindergarten Unterampfrach Arche Noah","description":"Kindergarten Unterampfrach Arche Noah","publisher":{"@id":"https:\/\/kiga-unterampfrach.de\/#organization"},"potentialAction":[{"@type":"SearchAction","target":{"@type":"EntryPoint","urlTemplate":"https:\/\/kiga-unterampfrach.de\/?s={search_term_string}"},"query-input":{"@type":"PropertyValueSpecification","valueRequired":true,"valueName":"search_term_string"}}],"inLanguage":"en-US"},{"@type":"Organization","@id":"https:\/\/kiga-unterampfrach.de\/#organization","name":"Kindergarten Unterampfrach","url":"https:\/\/kiga-unterampfrach.de\/","logo":{"@type":"ImageObject","inLanguage":"en-US","@id":"https:\/\/kiga-unterampfrach.de\/#\/schema\/logo\/image\/","url":"https:\/\/kiga-unterampfrach.de\/wp-content\/uploads\/2024\/04\/cropped-logo1.jpg","contentUrl":"https:\/\/kiga-unterampfrach.de\/wp-content\/uploads\/2024\/04\/cropped-logo1.jpg","width":340,"height":206,"caption":"Kindergarten Unterampfrach"},"image":{"@id":"https:\/\/kiga-unterampfrach.de\/#\/schema\/logo\/image\/"}}]}},"featured_media_urls":[],"_links":{"self":[{"href":"https:\/\/kiga-unterampfrach.de\/index.php\/wp-json\/wp\/v2\/pages\/6773","targetHints":{"allow":["GET"]}}],"collection":[{"href":"https:\/\/kiga-unterampfrach.de\/index.php\/wp-json\/wp\/v2\/pages"}],"about":[{"href":"https:\/\/kiga-unterampfrach.de\/index.php\/wp-json\/wp\/v2\/types\/page"}],"author":[{"embeddable":true,"href":"https:\/\/kiga-unterampfrach.de\/index.php\/wp-json\/wp\/v2\/users\/1"}],"replies":[{"embeddable":true,"href":"https:\/\/kiga-unterampfrach.de\/index.php\/wp-json\/wp\/v2\/comments?post=6773"}],"version-history":[{"count":4,"href":"https:\/\/kiga-unterampfrach.de\/index.php\/wp-json\/wp\/v2\/pages\/6773\/revisions"}],"predecessor-version":[{"id":6795,"href":"https:\/\/kiga-unterampfrach.de\/index.php\/wp-json\/wp\/v2\/pages\/6773\/revisions\/6795"}],"wp:attachment":[{"href":"https:\/\/kiga-unterampfrach.de\/index.php\/wp-json\/wp\/v2\/media?parent=6773"}],"curies":[{"name":"wp","href":"https:\/\/api.w.org\/{rel}","templated":true}]}}