{"id":6783,"date":"2024-06-24T20:35:43","date_gmt":"2024-06-24T18:35:43","guid":{"rendered":"https:\/\/p-i3puwt.project.space\/?page_id=6783"},"modified":"2024-06-24T20:48:36","modified_gmt":"2024-06-24T18:48:36","slug":"ein-tag-mit-uns","status":"publish","type":"page","link":"https:\/\/kiga-unterampfrach.de\/index.php\/ein-tag-mit-uns\/","title":{"rendered":"Ein Tag mit uns"},"content":{"rendered":"\t\t<div data-elementor-type=\"wp-page\" data-elementor-id=\"6783\" class=\"elementor elementor-6783\">\n\t\t\t\t<div class=\"elementor-element elementor-element-6e1a434 e-flex e-con-boxed e-con e-parent\" data-id=\"6e1a434\" data-element_type=\"container\" data-core-v316-plus=\"true\">\n\t\t\t\t\t<div class=\"e-con-inner\">\n\t\t<div class=\"elementor-element elementor-element-24397de e-con-full e-flex e-con e-child\" data-id=\"24397de\" data-element_type=\"container\">\n\t\t\t\t<div class=\"elementor-element elementor-element-faa7ebc elementor-widget elementor-widget-text-editor\" data-id=\"faa7ebc\" data-element_type=\"widget\" data-widget_type=\"text-editor.default\">\n\t\t\t\t<div class=\"elementor-widget-container\">\n\t\t\t<style>\/*! elementor - v3.20.0 - 26-03-2024 *\/\n.elementor-widget-text-editor.elementor-drop-cap-view-stacked .elementor-drop-cap{background-color:#69727d;color:#fff}.elementor-widget-text-editor.elementor-drop-cap-view-framed .elementor-drop-cap{color:#69727d;border:3px solid;background-color:transparent}.elementor-widget-text-editor:not(.elementor-drop-cap-view-default) .elementor-drop-cap{margin-top:8px}.elementor-widget-text-editor:not(.elementor-drop-cap-view-default) .elementor-drop-cap-letter{width:1em;height:1em}.elementor-widget-text-editor .elementor-drop-cap{float:left;text-align:center;line-height:1;font-size:50px}.elementor-widget-text-editor .elementor-drop-cap-letter{display:inline-block}<\/style>\t\t\t\t<p style=\"margin-bottom: 1.71429rem; border: 0px; font-size: 14px; vertical-align: baseline; line-height: 1.71429; color: rgb(68, 68, 68); font-family: Helvetica, Arial, sans-serif;\"><strong style=\"margin: 0px; padding: 0px; border: 0px; vertical-align: baseline;\">Tagesablauf<\/strong><\/p><p style=\"margin-bottom: 1.71429rem; border: 0px; font-size: 14px; vertical-align: baseline; line-height: 1.71429; color: rgb(68, 68, 68); font-family: Helvetica, Arial, sans-serif;\">7.30 Uhr \u2013 8.30 Uhr &nbsp; &nbsp; &nbsp; &nbsp; &nbsp;&nbsp; Bringzeit, Zeit zum Ankommen<\/p><p style=\"margin-bottom: 1.71429rem; border: 0px; font-size: 14px; vertical-align: baseline; line-height: 1.71429; color: rgb(68, 68, 68); font-family: Helvetica, Arial, sans-serif;\">7.30 Uhr \u2013 10.00 Uhr &nbsp; &nbsp; &nbsp; &nbsp; &nbsp; freie Brotzeit<\/p><p style=\"margin-bottom: 1.71429rem; border: 0px; font-size: 14px; vertical-align: baseline; line-height: 1.71429; color: rgb(68, 68, 68); font-family: Helvetica, Arial, sans-serif;\">anschlie\u00dfend &nbsp; &nbsp; &nbsp; &nbsp; &nbsp; &nbsp; &nbsp; &nbsp;&nbsp; Morgenkreis,Kleingruppenarbeit,Freispielzeit<\/p><p style=\"margin-bottom: 1.71429rem; border: 0px; font-size: 14px; vertical-align: baseline; line-height: 1.71429; color: rgb(68, 68, 68); font-family: Helvetica, Arial, sans-serif;\">12.00 Uhr &nbsp; &nbsp; &nbsp; &nbsp; &nbsp; &nbsp; &nbsp; &nbsp; &nbsp; &nbsp; &nbsp; &nbsp; &nbsp; &nbsp; Abschlusskreis, Garten oder Spaziergang<\/p><p style=\"margin-bottom: 1.71429rem; border: 0px; font-size: 14px; vertical-align: baseline; line-height: 1.71429; color: rgb(68, 68, 68); font-family: Helvetica, Arial, sans-serif;\">12.30 Uhr \u2013 12.45 Uhr &nbsp; &nbsp; &nbsp; Erste Abholzeit<\/p><p style=\"margin-bottom: 1.71429rem; border: 0px; font-size: 14px; vertical-align: baseline; line-height: 1.71429; color: rgb(68, 68, 68); font-family: Helvetica, Arial, sans-serif;\">12.30 Uhr \u2013 13.00 Uhr &nbsp; &nbsp; &nbsp; Mittagessen und Ruhezeit<\/p><p style=\"margin-bottom: 1.71429rem; border: 0px; font-size: 14px; vertical-align: baseline; line-height: 1.71429; color: rgb(68, 68, 68); font-family: Helvetica, Arial, sans-serif;\">anschlie\u00dfend &nbsp; &nbsp; &nbsp; &nbsp; &nbsp; &nbsp; &nbsp; &nbsp; &nbsp; &nbsp; &nbsp; Freies Spiel oder Garten<\/p><p style=\"margin-bottom: 1.71429rem; border: 0px; font-size: 14px; vertical-align: baseline; line-height: 1.71429; color: rgb(68, 68, 68); font-family: Helvetica, Arial, sans-serif;\">14.45 Uhr &nbsp; &nbsp; &nbsp; &nbsp; &nbsp; &nbsp; &nbsp; &nbsp; &nbsp; &nbsp; &nbsp; &nbsp; &nbsp; &nbsp; Zweite Abholzeit\/ Busfahrt<\/p><p style=\"margin-bottom: 1.71429rem; border: 0px; font-size: 14px; vertical-align: baseline; line-height: 1.71429; color: rgb(68, 68, 68); font-family: Helvetica, Arial, sans-serif;\">&nbsp;<\/p><p style=\"margin-bottom: 1.71429rem; border: 0px; font-size: 14px; vertical-align: baseline; line-height: 1.71429; color: rgb(68, 68, 68); font-family: Helvetica, Arial, sans-serif;\"><strong style=\"margin: 0px; padding: 0px; border: 0px; vertical-align: baseline;\">&nbsp;Freies Spiel<\/strong><\/p><p style=\"margin-bottom: 1.71429rem; border: 0px; font-size: 14px; vertical-align: baseline; line-height: 1.71429; color: rgb(68, 68, 68); font-family: Helvetica, Arial, sans-serif;\">Das freie Spiel hat f\u00fcr das Kind und seine Entwicklung eine sehr gro\u00dfe Bedeutung. Deshalb nimmt diese Form des kindlichen T\u00e4tig seins den gr\u00f6\u00dften Teil des Tages ein. Die p\u00e4dagogischen Mitarbeiter\/innen erm\u00f6glichen dem Kind das ungest\u00f6rte, freie Spiel, stellen ihm vielf\u00e4ltig gestaltbares Material und gen\u00fcgend Zeit zur Verf\u00fcgung.<\/p><p style=\"margin-bottom: 1.71429rem; border: 0px; font-size: 14px; vertical-align: baseline; line-height: 1.71429; color: rgb(68, 68, 68); font-family: Helvetica, Arial, sans-serif;\">\uf0e8- Spielen ist f\u00fcr das Kind in dieser Entwicklungsphase, die ihm gem\u00e4\u00dfe Form, sich mit seiner &nbsp; &nbsp; &nbsp; &nbsp; &nbsp; Umwelt auseinander zu setzen und sie zu begreifen.<\/p><p style=\"margin-bottom: 1.71429rem; border: 0px; font-size: 14px; vertical-align: baseline; line-height: 1.71429; color: rgb(68, 68, 68); font-family: Helvetica, Arial, sans-serif;\">\uf0e8- Im Spiel erwirbt das Kind Kenntnisse \u00fcber Zusammenh\u00e4nge in seiner Umwelt.<\/p><p style=\"margin-bottom: 1.71429rem; border: 0px; font-size: 14px; vertical-align: baseline; line-height: 1.71429; color: rgb(68, 68, 68); font-family: Helvetica, Arial, sans-serif;\">\uf0e8- Es entwickelt soziale F\u00e4higkeiten und Phantasie, \u00fcbt motorische F\u00e4higkeiten und bildet &nbsp; &nbsp; &nbsp; &nbsp; &nbsp; &nbsp; &nbsp; &nbsp; Haltungen wie Neugier, Lernfreue und Offenheit aus.<\/p><p style=\"margin-bottom: 1.71429rem; border: 0px; font-size: 14px; vertical-align: baseline; line-height: 1.71429; color: rgb(68, 68, 68); font-family: Helvetica, Arial, sans-serif;\">\uf0e8 \u2013 Das Kind dr\u00fcckt im Spiel seine Gef\u00fchle aus, verarbeitet Eindr\u00fccke und belastende &nbsp; &nbsp; &nbsp; &nbsp; &nbsp; &nbsp; &nbsp; &nbsp; &nbsp; &nbsp; &nbsp; &nbsp;&nbsp; Erlebnisse<\/p><p style=\"margin-bottom: 1.71429rem; border: 0px; font-size: 14px; vertical-align: baseline; line-height: 1.71429; color: rgb(68, 68, 68); font-family: Helvetica, Arial, sans-serif;\">Als Grundlage unserer p\u00e4dagogischen Arbeit, dient das \u201eFreie Spiel\u201c der intensiven Einzelbeobachtung und erm\u00f6glicht uns gruppendynamische Prozesse wahrzunehmen. Gerade diese aktiven Beobachtungen erm\u00f6glichen<\/p><p style=\"margin-bottom: 1.71429rem; border: 0px; font-size: 14px; vertical-align: baseline; line-height: 1.71429; color: rgb(68, 68, 68); font-family: Helvetica, Arial, sans-serif;\">\uf0e8- Jedes Kind in seiner Pers\u00f6nlichkeit kennen zu lernen ist Voraussetzungen f\u00fcr die &nbsp; &nbsp; &nbsp; &nbsp; &nbsp; &nbsp; &nbsp; &nbsp; &nbsp; &nbsp; &nbsp; &nbsp; &nbsp; &nbsp; individuelle&nbsp; F\u00f6rderung<\/p><p style=\"margin-bottom: 1.71429rem; border: 0px; font-size: 14px; vertical-align: baseline; line-height: 1.71429; color: rgb(68, 68, 68); font-family: Helvetica, Arial, sans-serif;\">F\u00fcr die&nbsp;<strong style=\"margin: 0px; padding: 0px; border: 0px; vertical-align: baseline;\">Dokumentation des Entwicklungsverlaufes<\/strong>&nbsp;stehen uns neben freien Notizen die Beobachtungsb\u00f6gen des IFP (Staatsinstitut f\u00fcr Fr\u00fchp\u00e4dagogik; Perik, Sismik, Seldak) zur Verf\u00fcgung.<\/p><p style=\"margin-bottom: 1.71429rem; border: 0px; font-size: 14px; vertical-align: baseline; line-height: 1.71429; color: rgb(68, 68, 68); font-family: Helvetica, Arial, sans-serif;\"><strong style=\"margin: 0px; padding: 0px; border: 0px; vertical-align: baseline;\">Morgenkreis<\/strong><\/p><p style=\"margin-bottom: 1.71429rem; border: 0px; font-size: 14px; vertical-align: baseline; line-height: 1.71429; color: rgb(68, 68, 68); font-family: Helvetica, Arial, sans-serif;\">Der Morgenkreis ist unser<strong style=\"margin: 0px; padding: 0px; border: 0px; vertical-align: baseline;\">&nbsp;gemeinsamer<\/strong>&nbsp;Start in den Tag. Eine wichtige Gelegenheit sich selbst als Teil einer Gruppe zu erfahren und Gemeinschaft zu erleben. Das wohl eindr\u00fccklichste Ritual ist das Z\u00e4hlen der Kinder. Jedes Kind wird im Laufe der Wochen diese Aufgabe \u00fcbernehmen.<\/p><p style=\"margin-bottom: 1.71429rem; border: 0px; font-size: 14px; vertical-align: baseline; line-height: 1.71429; color: rgb(68, 68, 68); font-family: Helvetica, Arial, sans-serif;\">Fester Bestandteil unseres Morgenkreises sind:<\/p><p style=\"margin-bottom: 1.71429rem; border: 0px; font-size: 14px; vertical-align: baseline; line-height: 1.71429; color: rgb(68, 68, 68); font-family: Helvetica, Arial, sans-serif;\">Begr\u00fc\u00dfungslied, Z\u00e4hlen der Kinder, Welche Kinder fehlen?, Gebetsw\u00fcrfel und Kalender,<br>Austausch zum Tagesablauf<\/p><p style=\"margin-bottom: 1.71429rem; border: 0px; font-size: 14px; vertical-align: baseline; line-height: 1.71429; color: rgb(68, 68, 68); font-family: Helvetica, Arial, sans-serif;\">Situationsorientierte Inhalte sind:<\/p><p style=\"margin-bottom: 1.71429rem; border: 0px; font-size: 14px; vertical-align: baseline; line-height: 1.71429; color: rgb(68, 68, 68); font-family: Helvetica, Arial, sans-serif;\">Lieder, Fingerspiele, Bewegungsspiele, Gemeinschaftsthemen, Projekte<\/p><p style=\"margin-bottom: 1.71429rem; border: 0px; font-size: 14px; vertical-align: baseline; line-height: 1.71429; color: rgb(68, 68, 68); font-family: Helvetica, Arial, sans-serif;\"><strong style=\"margin: 0px; padding: 0px; border: 0px; vertical-align: baseline;\">freie Brotzeit und Mittagessen<\/strong><\/p><p style=\"margin-bottom: 1.71429rem; border: 0px; font-size: 14px; vertical-align: baseline; line-height: 1.71429; color: rgb(68, 68, 68); font-family: Helvetica, Arial, sans-serif;\">Die Kinder haben die M\u00f6glichkeit den Zeitpunkt ihres Fr\u00fchst\u00fccks selbst zu w\u00e4hlen. &nbsp; &nbsp; &nbsp; &nbsp; &nbsp; &nbsp; &nbsp; &nbsp; &nbsp; &nbsp; &nbsp; Einige Kinder kommen frisch gest\u00e4rkt in den Kindergarten, einige haben noch nichts gegessen und haben Hunger.<br>Von 7.00 Uhr \u2013 10.00 Uhr besteht die M\u00f6glichkeit in der K\u00fcche zu Fr\u00fchst\u00fccken.<br>Mit einer Magnetwand, an der sich die Kinder eigenst\u00e4ndig anpinnen sollen werden wir auch sicherstellen, dass jedes Kind zum Essen geht.<\/p><p style=\"margin-bottom: 1.71429rem; border: 0px; font-size: 14px; vertical-align: baseline; line-height: 1.71429; color: rgb(68, 68, 68); font-family: Helvetica, Arial, sans-serif;\">Das Mittagessen nehmen wir gemeinsam gegen 12.30 Uhr ein.<br>Die S-BAR aus N\u00fcrnberg beliefert uns t\u00e4glich mit warmen Speisen.<br>In den Ferien m\u00fcssen die Kinder Mittagessen von zu Hause mitbringen.<\/p><p style=\"margin-bottom: 1.71429rem; border: 0px; font-size: 14px; vertical-align: baseline; line-height: 1.71429; color: rgb(68, 68, 68); font-family: Helvetica, Arial, sans-serif;\"><strong style=\"margin: 0px; padding: 0px; border: 0px; vertical-align: baseline;\">Schwerpunkte<\/strong><\/p><p style=\"margin-bottom: 1.71429rem; border: 0px; font-size: 14px; vertical-align: baseline; line-height: 1.71429; color: rgb(68, 68, 68); font-family: Helvetica, Arial, sans-serif;\">Religionsp\u00e4dagogische Angebote, bewegungsf\u00f6rdernde Einheiten und Sprache in all ihren Facetten und Formen bilden die Schwerpunkte unserer p\u00e4dagogischen Arbeit. Um Kindern und Familien Rituale, Struktur und Regelm\u00e4\u00dfigkeit bieten zu k\u00f6nnen, sind folgende Angebote bestimmten Tagen zugeordnet:<\/p><p style=\"margin-bottom: 1.71429rem; border: 0px; font-size: 14px; vertical-align: baseline; line-height: 1.71429; color: rgb(68, 68, 68); font-family: Helvetica, Arial, sans-serif;\">\u2022<strong style=\"margin: 0px; padding: 0px; border: 0px; vertical-align: baseline;\">&nbsp;Montag:<\/strong>&nbsp;ist offen \u2013 flexibel \u2013 frei \u2013 f\u00fcr Impulse<br>\u2022&nbsp;<strong style=\"margin: 0px; padding: 0px; border: 0px; vertical-align: baseline;\">Dienstag:<\/strong>&nbsp;Besuch der Leseooma, Bewegungsstunde,Wuppi<br>\u2022&nbsp;<strong style=\"margin: 0px; padding: 0px; border: 0px; vertical-align: baseline;\">Mittwoch:<\/strong>&nbsp;B\u00e4ren- und Hasenstunde, Wuppi<br>\u2022&nbsp;<strong style=\"margin: 0px; padding: 0px; border: 0px; vertical-align: baseline;\">Donnerstag:<\/strong>&nbsp;Experimente und Bodo, Wuppi<br>\u2022&nbsp;<strong style=\"margin: 0px; padding: 0px; border: 0px; vertical-align: baseline;\">Freitag<\/strong>: Biblische Geschichten oder M\u00e4rchen, Wuppi<\/p><p style=\"margin-bottom: 1.71429rem; border: 0px; font-size: 14px; vertical-align: baseline; line-height: 1.71429; color: rgb(68, 68, 68); font-family: Helvetica, Arial, sans-serif;\">Partizipation, Flexibilit\u00e4t und starke Orientierung am Kind erm\u00f6glicht uns jedoch \u2013 wenn angebracht, die oben aufgezeigte Struktur realit\u00e4tsbezogen \u201eaufzubrechen\u201c.<br>Immer dann, wenn Geburtstage den Alltag zu etwas Besonderem machen, Feste im Jahreskreis gefeiert sein wollen oder starke Befindlichkeiten vom Gewohnten ablenken.<\/p>\t\t\t\t\t\t<\/div>\n\t\t\t\t<\/div>\n\t\t\t\t<\/div>\n\t\t<div class=\"elementor-element elementor-element-89b4318 e-con-full e-flex e-con e-child\" data-id=\"89b4318\" data-element_type=\"container\">\n\t\t\t\t<div class=\"elementor-element elementor-element-8571c78 elementor-widget elementor-widget-image\" data-id=\"8571c78\" data-element_type=\"widget\" data-widget_type=\"image.default\">\n\t\t\t\t<div class=\"elementor-widget-container\">\n\t\t\t<style>\/*! elementor - v3.20.0 - 26-03-2024 *\/\n.elementor-widget-image{text-align:center}.elementor-widget-image a{display:inline-block}.elementor-widget-image a img[src$=\".svg\"]{width:48px}.elementor-widget-image img{vertical-align:middle;display:inline-block}<\/style>\t\t\t\t\t\t\t\t\t\t<img fetchpriority=\"high\" decoding=\"async\" width=\"624\" height=\"518\" src=\"https:\/\/kiga-unterampfrach.de\/wp-content\/uploads\/2024\/06\/IMG_3446-1-624x518-1.jpg\" class=\"attachment-large size-large wp-image-6808\" alt=\"\" srcset=\"https:\/\/kiga-unterampfrach.de\/wp-content\/uploads\/2024\/06\/IMG_3446-1-624x518-1.jpg 624w, https:\/\/kiga-unterampfrach.de\/wp-content\/uploads\/2024\/06\/IMG_3446-1-624x518-1-300x249.jpg 300w, https:\/\/kiga-unterampfrach.de\/wp-content\/uploads\/2024\/06\/IMG_3446-1-624x518-1-600x498.jpg 600w\" sizes=\"100vw\" \/>\t\t\t\t\t\t\t\t\t\t\t\t\t<\/div>\n\t\t\t\t<\/div>\n\t\t\t\t<\/div>\n\t\t\t\t\t<\/div>\n\t\t\t\t<\/div>\n\t\t\t\t<\/div>\n\t\t","protected":false},"excerpt":{"rendered":"<p>Tagesablauf 7.30 Uhr \u2013 8.30 Uhr &nbsp; &nbsp; &nbsp; &nbsp; &nbsp;&nbsp; Bringzeit, Zeit zum Ankommen 7.30 Uhr \u2013 10.00 Uhr &nbsp; &nbsp; &nbsp; &nbsp; &nbsp; freie Brotzeit anschlie\u00dfend &nbsp; &nbsp; &nbsp; &nbsp; &nbsp; &nbsp; &nbsp; &nbsp;&nbsp; Morgenkreis,Kleingruppenarbeit,Freispielzeit 12.00 Uhr &nbsp; &nbsp; &nbsp; &nbsp; &nbsp; &nbsp; &nbsp; &nbsp; &nbsp; &nbsp; &nbsp; &nbsp; &nbsp; &nbsp; Abschlusskreis, Garten &hellip; <\/p>\n<p class=\"link-more\"><a href=\"https:\/\/kiga-unterampfrach.de\/index.php\/ein-tag-mit-uns\/\" class=\"more-link\">Read more<span class=\"screen-reader-text\"> &#8220;Ein Tag mit uns&#8221;<\/span><\/a><\/p>\n","protected":false},"author":1,"featured_media":0,"parent":0,"menu_order":0,"comment_status":"closed","ping_status":"closed","template":"","meta":{"footnotes":""},"class_list":["post-6783","page","type-page","status-publish","hentry"],"yoast_head":"<!-- This site is optimized with the Yoast SEO plugin v23.7 - https:\/\/yoast.com\/wordpress\/plugins\/seo\/ -->\n<title>Ein Tag mit uns - Kindergarten Unterampfrach Arche Noah<\/title>\n<meta name=\"robots\" content=\"index, follow, max-snippet:-1, max-image-preview:large, max-video-preview:-1\" \/>\n<link rel=\"canonical\" href=\"https:\/\/kiga-unterampfrach.de\/index.php\/ein-tag-mit-uns\/\" \/>\n<meta property=\"og:locale\" content=\"en_US\" \/>\n<meta property=\"og:type\" content=\"article\" \/>\n<meta property=\"og:title\" content=\"Ein Tag mit uns - Kindergarten Unterampfrach Arche Noah\" \/>\n<meta property=\"og:description\" content=\"Tagesablauf 7.30 Uhr \u2013 8.30 Uhr &nbsp; &nbsp; &nbsp; &nbsp; &nbsp;&nbsp; Bringzeit, Zeit zum Ankommen 7.30 Uhr \u2013 10.00 Uhr &nbsp; &nbsp; &nbsp; &nbsp; &nbsp; freie Brotzeit anschlie\u00dfend &nbsp; &nbsp; &nbsp; &nbsp; &nbsp; &nbsp; &nbsp; &nbsp;&nbsp; Morgenkreis,Kleingruppenarbeit,Freispielzeit 12.00 Uhr &nbsp; &nbsp; &nbsp; &nbsp; &nbsp; &nbsp; &nbsp; &nbsp; &nbsp; &nbsp; &nbsp; &nbsp; &nbsp; &nbsp; Abschlusskreis, Garten &hellip; Read more &quot;Ein Tag mit uns&quot;\" \/>\n<meta property=\"og:url\" content=\"https:\/\/kiga-unterampfrach.de\/index.php\/ein-tag-mit-uns\/\" \/>\n<meta property=\"og:site_name\" content=\"Kindergarten Unterampfrach Arche Noah\" \/>\n<meta property=\"article:modified_time\" content=\"2024-06-24T18:48:36+00:00\" \/>\n<meta property=\"og:image\" content=\"https:\/\/p-i3puwt.project.space\/wp-content\/uploads\/2024\/06\/IMG_3446-1-624x518-1.jpg\" \/>\n<meta name=\"twitter:card\" content=\"summary_large_image\" \/>\n<meta name=\"twitter:label1\" content=\"Est. reading time\" \/>\n\t<meta name=\"twitter:data1\" content=\"3 minutes\" \/>\n<script type=\"application\/ld+json\" class=\"yoast-schema-graph\">{\"@context\":\"https:\/\/schema.org\",\"@graph\":[{\"@type\":\"WebPage\",\"@id\":\"https:\/\/kiga-unterampfrach.de\/index.php\/ein-tag-mit-uns\/\",\"url\":\"https:\/\/kiga-unterampfrach.de\/index.php\/ein-tag-mit-uns\/\",\"name\":\"Ein Tag mit uns - Kindergarten Unterampfrach Arche Noah\",\"isPartOf\":{\"@id\":\"https:\/\/kiga-unterampfrach.de\/#website\"},\"primaryImageOfPage\":{\"@id\":\"https:\/\/kiga-unterampfrach.de\/index.php\/ein-tag-mit-uns\/#primaryimage\"},\"image\":{\"@id\":\"https:\/\/kiga-unterampfrach.de\/index.php\/ein-tag-mit-uns\/#primaryimage\"},\"thumbnailUrl\":\"https:\/\/p-i3puwt.project.space\/wp-content\/uploads\/2024\/06\/IMG_3446-1-624x518-1.jpg\",\"datePublished\":\"2024-06-24T18:35:43+00:00\",\"dateModified\":\"2024-06-24T18:48:36+00:00\",\"breadcrumb\":{\"@id\":\"https:\/\/kiga-unterampfrach.de\/index.php\/ein-tag-mit-uns\/#breadcrumb\"},\"inLanguage\":\"en-US\",\"potentialAction\":[{\"@type\":\"ReadAction\",\"target\":[\"https:\/\/kiga-unterampfrach.de\/index.php\/ein-tag-mit-uns\/\"]}]},{\"@type\":\"ImageObject\",\"inLanguage\":\"en-US\",\"@id\":\"https:\/\/kiga-unterampfrach.de\/index.php\/ein-tag-mit-uns\/#primaryimage\",\"url\":\"https:\/\/p-i3puwt.project.space\/wp-content\/uploads\/2024\/06\/IMG_3446-1-624x518-1.jpg\",\"contentUrl\":\"https:\/\/p-i3puwt.project.space\/wp-content\/uploads\/2024\/06\/IMG_3446-1-624x518-1.jpg\"},{\"@type\":\"BreadcrumbList\",\"@id\":\"https:\/\/kiga-unterampfrach.de\/index.php\/ein-tag-mit-uns\/#breadcrumb\",\"itemListElement\":[{\"@type\":\"ListItem\",\"position\":1,\"name\":\"Startseite\",\"item\":\"https:\/\/kiga-unterampfrach.de\/\"},{\"@type\":\"ListItem\",\"position\":2,\"name\":\"Ein Tag mit uns\"}]},{\"@type\":\"WebSite\",\"@id\":\"https:\/\/kiga-unterampfrach.de\/#website\",\"url\":\"https:\/\/kiga-unterampfrach.de\/\",\"name\":\"Kindergarten Unterampfrach Arche Noah\",\"description\":\"Kindergarten Unterampfrach Arche Noah\",\"publisher\":{\"@id\":\"https:\/\/kiga-unterampfrach.de\/#organization\"},\"potentialAction\":[{\"@type\":\"SearchAction\",\"target\":{\"@type\":\"EntryPoint\",\"urlTemplate\":\"https:\/\/kiga-unterampfrach.de\/?s={search_term_string}\"},\"query-input\":{\"@type\":\"PropertyValueSpecification\",\"valueRequired\":true,\"valueName\":\"search_term_string\"}}],\"inLanguage\":\"en-US\"},{\"@type\":\"Organization\",\"@id\":\"https:\/\/kiga-unterampfrach.de\/#organization\",\"name\":\"Kindergarten Unterampfrach\",\"url\":\"https:\/\/kiga-unterampfrach.de\/\",\"logo\":{\"@type\":\"ImageObject\",\"inLanguage\":\"en-US\",\"@id\":\"https:\/\/kiga-unterampfrach.de\/#\/schema\/logo\/image\/\",\"url\":\"https:\/\/kiga-unterampfrach.de\/wp-content\/uploads\/2024\/04\/cropped-logo1.jpg\",\"contentUrl\":\"https:\/\/kiga-unterampfrach.de\/wp-content\/uploads\/2024\/04\/cropped-logo1.jpg\",\"width\":340,\"height\":206,\"caption\":\"Kindergarten Unterampfrach\"},\"image\":{\"@id\":\"https:\/\/kiga-unterampfrach.de\/#\/schema\/logo\/image\/\"}}]}<\/script>\n<!-- \/ Yoast SEO plugin. -->","yoast_head_json":{"title":"Ein Tag mit uns - Kindergarten Unterampfrach Arche Noah","robots":{"index":"index","follow":"follow","max-snippet":"max-snippet:-1","max-image-preview":"max-image-preview:large","max-video-preview":"max-video-preview:-1"},"canonical":"https:\/\/kiga-unterampfrach.de\/index.php\/ein-tag-mit-uns\/","og_locale":"en_US","og_type":"article","og_title":"Ein Tag mit uns - Kindergarten Unterampfrach Arche Noah","og_description":"Tagesablauf 7.30 Uhr \u2013 8.30 Uhr &nbsp; &nbsp; &nbsp; &nbsp; &nbsp;&nbsp; Bringzeit, Zeit zum Ankommen 7.30 Uhr \u2013 10.00 Uhr &nbsp; &nbsp; &nbsp; &nbsp; &nbsp; freie Brotzeit anschlie\u00dfend &nbsp; &nbsp; &nbsp; &nbsp; &nbsp; &nbsp; &nbsp; &nbsp;&nbsp; Morgenkreis,Kleingruppenarbeit,Freispielzeit 12.00 Uhr &nbsp; &nbsp; &nbsp; &nbsp; &nbsp; &nbsp; &nbsp; &nbsp; &nbsp; &nbsp; &nbsp; &nbsp; &nbsp; &nbsp; Abschlusskreis, Garten &hellip; Read more \"Ein Tag mit uns\"","og_url":"https:\/\/kiga-unterampfrach.de\/index.php\/ein-tag-mit-uns\/","og_site_name":"Kindergarten Unterampfrach Arche Noah","article_modified_time":"2024-06-24T18:48:36+00:00","og_image":[{"url":"https:\/\/p-i3puwt.project.space\/wp-content\/uploads\/2024\/06\/IMG_3446-1-624x518-1.jpg"}],"twitter_card":"summary_large_image","twitter_misc":{"Est. reading time":"3 minutes"},"schema":{"@context":"https:\/\/schema.org","@graph":[{"@type":"WebPage","@id":"https:\/\/kiga-unterampfrach.de\/index.php\/ein-tag-mit-uns\/","url":"https:\/\/kiga-unterampfrach.de\/index.php\/ein-tag-mit-uns\/","name":"Ein Tag mit uns - Kindergarten Unterampfrach Arche Noah","isPartOf":{"@id":"https:\/\/kiga-unterampfrach.de\/#website"},"primaryImageOfPage":{"@id":"https:\/\/kiga-unterampfrach.de\/index.php\/ein-tag-mit-uns\/#primaryimage"},"image":{"@id":"https:\/\/kiga-unterampfrach.de\/index.php\/ein-tag-mit-uns\/#primaryimage"},"thumbnailUrl":"https:\/\/p-i3puwt.project.space\/wp-content\/uploads\/2024\/06\/IMG_3446-1-624x518-1.jpg","datePublished":"2024-06-24T18:35:43+00:00","dateModified":"2024-06-24T18:48:36+00:00","breadcrumb":{"@id":"https:\/\/kiga-unterampfrach.de\/index.php\/ein-tag-mit-uns\/#breadcrumb"},"inLanguage":"en-US","potentialAction":[{"@type":"ReadAction","target":["https:\/\/kiga-unterampfrach.de\/index.php\/ein-tag-mit-uns\/"]}]},{"@type":"ImageObject","inLanguage":"en-US","@id":"https:\/\/kiga-unterampfrach.de\/index.php\/ein-tag-mit-uns\/#primaryimage","url":"https:\/\/p-i3puwt.project.space\/wp-content\/uploads\/2024\/06\/IMG_3446-1-624x518-1.jpg","contentUrl":"https:\/\/p-i3puwt.project.space\/wp-content\/uploads\/2024\/06\/IMG_3446-1-624x518-1.jpg"},{"@type":"BreadcrumbList","@id":"https:\/\/kiga-unterampfrach.de\/index.php\/ein-tag-mit-uns\/#breadcrumb","itemListElement":[{"@type":"ListItem","position":1,"name":"Startseite","item":"https:\/\/kiga-unterampfrach.de\/"},{"@type":"ListItem","position":2,"name":"Ein Tag mit uns"}]},{"@type":"WebSite","@id":"https:\/\/kiga-unterampfrach.de\/#website","url":"https:\/\/kiga-unterampfrach.de\/","name":"Kindergarten Unterampfrach Arche Noah","description":"Kindergarten Unterampfrach Arche Noah","publisher":{"@id":"https:\/\/kiga-unterampfrach.de\/#organization"},"potentialAction":[{"@type":"SearchAction","target":{"@type":"EntryPoint","urlTemplate":"https:\/\/kiga-unterampfrach.de\/?s={search_term_string}"},"query-input":{"@type":"PropertyValueSpecification","valueRequired":true,"valueName":"search_term_string"}}],"inLanguage":"en-US"},{"@type":"Organization","@id":"https:\/\/kiga-unterampfrach.de\/#organization","name":"Kindergarten Unterampfrach","url":"https:\/\/kiga-unterampfrach.de\/","logo":{"@type":"ImageObject","inLanguage":"en-US","@id":"https:\/\/kiga-unterampfrach.de\/#\/schema\/logo\/image\/","url":"https:\/\/kiga-unterampfrach.de\/wp-content\/uploads\/2024\/04\/cropped-logo1.jpg","contentUrl":"https:\/\/kiga-unterampfrach.de\/wp-content\/uploads\/2024\/04\/cropped-logo1.jpg","width":340,"height":206,"caption":"Kindergarten Unterampfrach"},"image":{"@id":"https:\/\/kiga-unterampfrach.de\/#\/schema\/logo\/image\/"}}]}},"featured_media_urls":[],"_links":{"self":[{"href":"https:\/\/kiga-unterampfrach.de\/index.php\/wp-json\/wp\/v2\/pages\/6783","targetHints":{"allow":["GET"]}}],"collection":[{"href":"https:\/\/kiga-unterampfrach.de\/index.php\/wp-json\/wp\/v2\/pages"}],"about":[{"href":"https:\/\/kiga-unterampfrach.de\/index.php\/wp-json\/wp\/v2\/types\/page"}],"author":[{"embeddable":true,"href":"https:\/\/kiga-unterampfrach.de\/index.php\/wp-json\/wp\/v2\/users\/1"}],"replies":[{"embeddable":true,"href":"https:\/\/kiga-unterampfrach.de\/index.php\/wp-json\/wp\/v2\/comments?post=6783"}],"version-history":[{"count":4,"href":"https:\/\/kiga-unterampfrach.de\/index.php\/wp-json\/wp\/v2\/pages\/6783\/revisions"}],"predecessor-version":[{"id":6811,"href":"https:\/\/kiga-unterampfrach.de\/index.php\/wp-json\/wp\/v2\/pages\/6783\/revisions\/6811"}],"wp:attachment":[{"href":"https:\/\/kiga-unterampfrach.de\/index.php\/wp-json\/wp\/v2\/media?parent=6783"}],"curies":[{"name":"wp","href":"https:\/\/api.w.org\/{rel}","templated":true}]}}