{"id":7,"date":"2024-04-04T00:22:05","date_gmt":"2024-04-03T22:22:05","guid":{"rendered":"https:\/\/p-i3puwt.project.space\/?page_id=7"},"modified":"2024-06-24T19:32:52","modified_gmt":"2024-06-24T17:32:52","slug":"ueber-uns","status":"publish","type":"page","link":"https:\/\/kiga-unterampfrach.de\/index.php\/ueber-uns\/","title":{"rendered":"\u00dcber uns"},"content":{"rendered":"\t\t<div data-elementor-type=\"wp-page\" data-elementor-id=\"7\" class=\"elementor elementor-7\">\n\t\t\t\t<div class=\"elementor-element elementor-element-1c9c057 e-flex e-con-boxed e-con e-parent\" data-id=\"1c9c057\" data-element_type=\"container\" data-core-v316-plus=\"true\">\n\t\t\t\t\t<div class=\"e-con-inner\">\n\t\t\t\t<div class=\"elementor-element elementor-element-5e2300a elementor-widget elementor-widget-text-editor\" data-id=\"5e2300a\" data-element_type=\"widget\" data-widget_type=\"text-editor.default\">\n\t\t\t\t<div class=\"elementor-widget-container\">\n\t\t\t<style>\/*! elementor - v3.20.0 - 26-03-2024 *\/\n.elementor-widget-text-editor.elementor-drop-cap-view-stacked .elementor-drop-cap{background-color:#69727d;color:#fff}.elementor-widget-text-editor.elementor-drop-cap-view-framed .elementor-drop-cap{color:#69727d;border:3px solid;background-color:transparent}.elementor-widget-text-editor:not(.elementor-drop-cap-view-default) .elementor-drop-cap{margin-top:8px}.elementor-widget-text-editor:not(.elementor-drop-cap-view-default) .elementor-drop-cap-letter{width:1em;height:1em}.elementor-widget-text-editor .elementor-drop-cap{float:left;text-align:center;line-height:1;font-size:50px}.elementor-widget-text-editor .elementor-drop-cap-letter{display:inline-block}<\/style>\t\t\t\t<header style=\"margin: 0px 0px 1.71429rem; padding-right: 0px; padding-bottom: 0px; padding-left: 0px; border: 0px; font-size: 14px; vertical-align: baseline; color: rgb(68, 68, 68); font-family: Helvetica, Arial, sans-serif;\"><h1 style=\"margin-bottom: 0px; padding-right: 0px; padding-bottom: 0px; padding-left: 0px; border: 0px; font-size: 1.57143rem; vertical-align: baseline; line-height: 1.2; font-weight: normal;\"><br><\/h1><\/header><div style=\"margin-top: 0px; margin-right: 0px; margin-left: 0px; padding-top: 0px; padding-bottom: 0px; border: 0px; font-size: 14px; vertical-align: baseline; counter-reset: footnotes 0; line-height: 1.71429; color: rgb(68, 68, 68); font-family: Helvetica, Arial, sans-serif;\"><h2 style=\"margin: 1.71429rem 0px; padding-right: 0px; padding-bottom: 0px; padding-left: 0px; border: 0px; font-size: 1.28571rem; vertical-align: baseline; line-height: 1.6;\">Geschichte<\/h2><p style=\"margin-bottom: 1.71429rem; border: 0px; vertical-align: baseline; line-height: 1.71429;\">Unser Kindergarten ist im Jahr 1998 aus der Notgruppe des Schnelldorfer Kindergartens heraus entstanden. Der Bau eines eigenen Geb\u00e4udes in Unterampfrach wurde von einer engagierten Elterngruppe forciert und mit dem neuen Evang. Gemeindesaal verbunden. Das Grundst\u00fcck ist ein ehemaliges \u00dcberschwemmungsgebiet und wird von zwei Bachl\u00e4ufen umrahmt. Der Name \u201eArche Noah\u201c f\u00fcr den neuen Kindergarten war somit schnell gefunden.<\/p><p style=\"margin-bottom: 1.71429rem; border: 0px; vertical-align: baseline; line-height: 1.71429;\"><strong style=\"margin: 0px; padding: 0px; border: 0px; vertical-align: baseline;\">\u201eArche Noah\u201c<\/strong>\u2013 Dieser Name steht als Motto \u00fcber unserem Kindergarten in Unterampfrach. Im Logo verbindet sich die Arche mit dem Regenbogen, dem Zeichen f\u00fcr Gottes erhaltenden und begleitenden Segen \u00fcber diese Welt. So will der Kindergarten eine gesch\u00fctzte Umgebung sein, in der Kinder ihre Welt und ihre F\u00e4higkeiten entdecken. Sie sollen Geborgenheit erleben und zugleich den Mut bekommen, sich auf die nicht immer planbaren Wege des Lebens einzulassen und ihre eigenen Wege zu gehen. Wir vertrauen darauf, dass auf diesen Wegen Gottes Segen ausgespannt wie ein Regenbogen immer dabei ist.<\/p><p style=\"margin-bottom: 1.71429rem; border: 0px; vertical-align: baseline; line-height: 1.71429;\">Das Leben mit den Kindern in unserem Kindergarten wird getragen vom christlichen Glauben, aus dem heraus das Engagement f\u00fcr diesen Kindergarten erwachsen ist. Im p\u00e4dagogischen Bereich stehen bei allen Wandlungen und Ver\u00e4nderungen in den Familien die christlichen Werte im Zentrum. Diese Werte bleiben nicht Theorie, sondern werden im Alltag gelebt und einge\u00fcbt. Dabei ist es uns wichtig, dass sich auch Kinder wohlf\u00fchlen, die nicht in dieser Tradition&nbsp; heranwachsen.<\/p><p style=\"margin-bottom: 1.71429rem; border: 0px; vertical-align: baseline; line-height: 1.71429;\">Im Feiern der christlichen Feste sowie im H\u00f6ren der biblischen Geschichten kann Leben wachsen in Dankbarkeit f\u00fcr die Welt und f\u00fcr die Kinder in ihrer Verschie-denartigkeit und Vielfalt.<\/p><p style=\"margin-bottom: 1.71429rem; border: 0px; vertical-align: baseline; line-height: 1.71429;\">Als Vorstand des Evangelischen Kindergartenvereins Schnelldorf e.V. w\u00fcnschen wir allen Kindern eine frohe und gute Zeit, in der sie ihre F\u00e4higkeiten und Begabungen entdecken k\u00f6nnen und so ihren Weg im Leben finden k\u00f6nnen.<\/p><p style=\"margin-bottom: 1.71429rem; border: 0px; vertical-align: baseline; line-height: 1.71429;\">Pfarrer Wigbert Lehner&nbsp;&nbsp;&nbsp;&nbsp;&nbsp;&nbsp;&nbsp;&nbsp;&nbsp;&nbsp;&nbsp;&nbsp;&nbsp;&nbsp;&nbsp;&nbsp;&nbsp;&nbsp;&nbsp;&nbsp;&nbsp;&nbsp;&nbsp;&nbsp;&nbsp;&nbsp;&nbsp;&nbsp;&nbsp;&nbsp;&nbsp;&nbsp;&nbsp;&nbsp;&nbsp;&nbsp;&nbsp;&nbsp; Christine Freier<\/p><p style=\"margin-bottom: 1.71429rem; border: 0px; vertical-align: baseline; line-height: 1.71429;\">(1.Vorsitzender)&nbsp;&nbsp;&nbsp;&nbsp;&nbsp;&nbsp;&nbsp;&nbsp;&nbsp;&nbsp;&nbsp;&nbsp;&nbsp; &nbsp;&nbsp;&nbsp;&nbsp;&nbsp;&nbsp;&nbsp;&nbsp;&nbsp;&nbsp;&nbsp; &nbsp;&nbsp;&nbsp;&nbsp;&nbsp;&nbsp;&nbsp;&nbsp;&nbsp;&nbsp;&nbsp;&nbsp;&nbsp;&nbsp;&nbsp;&nbsp;&nbsp;&nbsp;&nbsp;&nbsp;&nbsp;&nbsp; &nbsp;&nbsp;&nbsp;(2.Vorsitzende)<\/p><\/div>\t\t\t\t\t\t<\/div>\n\t\t\t\t<\/div>\n\t\t\t\t\t<\/div>\n\t\t\t\t<\/div>\n\t\t\t\t<\/div>\n\t\t","protected":false},"excerpt":{"rendered":"<p>Geschichte Unser Kindergarten ist im Jahr 1998 aus der Notgruppe des Schnelldorfer Kindergartens heraus entstanden. Der Bau eines eigenen Geb\u00e4udes in Unterampfrach wurde von einer engagierten Elterngruppe forciert und mit dem neuen Evang. Gemeindesaal verbunden. Das Grundst\u00fcck ist ein ehemaliges \u00dcberschwemmungsgebiet und wird von zwei Bachl\u00e4ufen umrahmt. Der Name \u201eArche Noah\u201c f\u00fcr den neuen Kindergarten &hellip; <\/p>\n<p class=\"link-more\"><a href=\"https:\/\/kiga-unterampfrach.de\/index.php\/ueber-uns\/\" class=\"more-link\">Read more<span class=\"screen-reader-text\"> &#8220;\u00dcber uns&#8221;<\/span><\/a><\/p>\n","protected":false},"author":1,"featured_media":0,"parent":0,"menu_order":0,"comment_status":"closed","ping_status":"closed","template":"","meta":{"footnotes":""},"class_list":["post-7","page","type-page","status-publish","hentry"],"yoast_head":"<!-- This site is optimized with the Yoast SEO plugin v23.7 - https:\/\/yoast.com\/wordpress\/plugins\/seo\/ -->\n<title>\u00dcber uns - Kindergarten Unterampfrach Arche Noah<\/title>\n<meta name=\"robots\" content=\"index, follow, max-snippet:-1, max-image-preview:large, max-video-preview:-1\" \/>\n<link rel=\"canonical\" href=\"https:\/\/kiga-unterampfrach.de\/index.php\/ueber-uns\/\" \/>\n<meta property=\"og:locale\" content=\"en_US\" \/>\n<meta property=\"og:type\" content=\"article\" \/>\n<meta property=\"og:title\" content=\"\u00dcber uns - Kindergarten Unterampfrach Arche Noah\" \/>\n<meta property=\"og:description\" content=\"Geschichte Unser Kindergarten ist im Jahr 1998 aus der Notgruppe des Schnelldorfer Kindergartens heraus entstanden. Der Bau eines eigenen Geb\u00e4udes in Unterampfrach wurde von einer engagierten Elterngruppe forciert und mit dem neuen Evang. Gemeindesaal verbunden. Das Grundst\u00fcck ist ein ehemaliges \u00dcberschwemmungsgebiet und wird von zwei Bachl\u00e4ufen umrahmt. Der Name \u201eArche Noah\u201c f\u00fcr den neuen Kindergarten &hellip; Read more &quot;\u00dcber uns&quot;\" \/>\n<meta property=\"og:url\" content=\"https:\/\/kiga-unterampfrach.de\/index.php\/ueber-uns\/\" \/>\n<meta property=\"og:site_name\" content=\"Kindergarten Unterampfrach Arche Noah\" \/>\n<meta property=\"article:modified_time\" content=\"2024-06-24T17:32:52+00:00\" \/>\n<meta name=\"twitter:card\" content=\"summary_large_image\" \/>\n<meta name=\"twitter:label1\" content=\"Est. reading time\" \/>\n\t<meta name=\"twitter:data1\" content=\"2 minutes\" \/>\n<script type=\"application\/ld+json\" class=\"yoast-schema-graph\">{\"@context\":\"https:\/\/schema.org\",\"@graph\":[{\"@type\":\"WebPage\",\"@id\":\"https:\/\/kiga-unterampfrach.de\/index.php\/ueber-uns\/\",\"url\":\"https:\/\/kiga-unterampfrach.de\/index.php\/ueber-uns\/\",\"name\":\"\u00dcber uns - Kindergarten Unterampfrach Arche Noah\",\"isPartOf\":{\"@id\":\"https:\/\/kiga-unterampfrach.de\/#website\"},\"datePublished\":\"2024-04-03T22:22:05+00:00\",\"dateModified\":\"2024-06-24T17:32:52+00:00\",\"breadcrumb\":{\"@id\":\"https:\/\/kiga-unterampfrach.de\/index.php\/ueber-uns\/#breadcrumb\"},\"inLanguage\":\"en-US\",\"potentialAction\":[{\"@type\":\"ReadAction\",\"target\":[\"https:\/\/kiga-unterampfrach.de\/index.php\/ueber-uns\/\"]}]},{\"@type\":\"BreadcrumbList\",\"@id\":\"https:\/\/kiga-unterampfrach.de\/index.php\/ueber-uns\/#breadcrumb\",\"itemListElement\":[{\"@type\":\"ListItem\",\"position\":1,\"name\":\"Startseite\",\"item\":\"https:\/\/kiga-unterampfrach.de\/\"},{\"@type\":\"ListItem\",\"position\":2,\"name\":\"\u00dcber uns\"}]},{\"@type\":\"WebSite\",\"@id\":\"https:\/\/kiga-unterampfrach.de\/#website\",\"url\":\"https:\/\/kiga-unterampfrach.de\/\",\"name\":\"Kindergarten Unterampfrach Arche Noah\",\"description\":\"Kindergarten Unterampfrach Arche Noah\",\"publisher\":{\"@id\":\"https:\/\/kiga-unterampfrach.de\/#organization\"},\"potentialAction\":[{\"@type\":\"SearchAction\",\"target\":{\"@type\":\"EntryPoint\",\"urlTemplate\":\"https:\/\/kiga-unterampfrach.de\/?s={search_term_string}\"},\"query-input\":{\"@type\":\"PropertyValueSpecification\",\"valueRequired\":true,\"valueName\":\"search_term_string\"}}],\"inLanguage\":\"en-US\"},{\"@type\":\"Organization\",\"@id\":\"https:\/\/kiga-unterampfrach.de\/#organization\",\"name\":\"Kindergarten Unterampfrach\",\"url\":\"https:\/\/kiga-unterampfrach.de\/\",\"logo\":{\"@type\":\"ImageObject\",\"inLanguage\":\"en-US\",\"@id\":\"https:\/\/kiga-unterampfrach.de\/#\/schema\/logo\/image\/\",\"url\":\"https:\/\/kiga-unterampfrach.de\/wp-content\/uploads\/2024\/04\/cropped-logo1.jpg\",\"contentUrl\":\"https:\/\/kiga-unterampfrach.de\/wp-content\/uploads\/2024\/04\/cropped-logo1.jpg\",\"width\":340,\"height\":206,\"caption\":\"Kindergarten Unterampfrach\"},\"image\":{\"@id\":\"https:\/\/kiga-unterampfrach.de\/#\/schema\/logo\/image\/\"}}]}<\/script>\n<!-- \/ Yoast SEO plugin. -->","yoast_head_json":{"title":"\u00dcber uns - Kindergarten Unterampfrach Arche Noah","robots":{"index":"index","follow":"follow","max-snippet":"max-snippet:-1","max-image-preview":"max-image-preview:large","max-video-preview":"max-video-preview:-1"},"canonical":"https:\/\/kiga-unterampfrach.de\/index.php\/ueber-uns\/","og_locale":"en_US","og_type":"article","og_title":"\u00dcber uns - Kindergarten Unterampfrach Arche Noah","og_description":"Geschichte Unser Kindergarten ist im Jahr 1998 aus der Notgruppe des Schnelldorfer Kindergartens heraus entstanden. Der Bau eines eigenen Geb\u00e4udes in Unterampfrach wurde von einer engagierten Elterngruppe forciert und mit dem neuen Evang. Gemeindesaal verbunden. Das Grundst\u00fcck ist ein ehemaliges \u00dcberschwemmungsgebiet und wird von zwei Bachl\u00e4ufen umrahmt. Der Name \u201eArche Noah\u201c f\u00fcr den neuen Kindergarten &hellip; Read more \"\u00dcber uns\"","og_url":"https:\/\/kiga-unterampfrach.de\/index.php\/ueber-uns\/","og_site_name":"Kindergarten Unterampfrach Arche Noah","article_modified_time":"2024-06-24T17:32:52+00:00","twitter_card":"summary_large_image","twitter_misc":{"Est. reading time":"2 minutes"},"schema":{"@context":"https:\/\/schema.org","@graph":[{"@type":"WebPage","@id":"https:\/\/kiga-unterampfrach.de\/index.php\/ueber-uns\/","url":"https:\/\/kiga-unterampfrach.de\/index.php\/ueber-uns\/","name":"\u00dcber uns - Kindergarten Unterampfrach Arche Noah","isPartOf":{"@id":"https:\/\/kiga-unterampfrach.de\/#website"},"datePublished":"2024-04-03T22:22:05+00:00","dateModified":"2024-06-24T17:32:52+00:00","breadcrumb":{"@id":"https:\/\/kiga-unterampfrach.de\/index.php\/ueber-uns\/#breadcrumb"},"inLanguage":"en-US","potentialAction":[{"@type":"ReadAction","target":["https:\/\/kiga-unterampfrach.de\/index.php\/ueber-uns\/"]}]},{"@type":"BreadcrumbList","@id":"https:\/\/kiga-unterampfrach.de\/index.php\/ueber-uns\/#breadcrumb","itemListElement":[{"@type":"ListItem","position":1,"name":"Startseite","item":"https:\/\/kiga-unterampfrach.de\/"},{"@type":"ListItem","position":2,"name":"\u00dcber uns"}]},{"@type":"WebSite","@id":"https:\/\/kiga-unterampfrach.de\/#website","url":"https:\/\/kiga-unterampfrach.de\/","name":"Kindergarten Unterampfrach Arche Noah","description":"Kindergarten Unterampfrach Arche Noah","publisher":{"@id":"https:\/\/kiga-unterampfrach.de\/#organization"},"potentialAction":[{"@type":"SearchAction","target":{"@type":"EntryPoint","urlTemplate":"https:\/\/kiga-unterampfrach.de\/?s={search_term_string}"},"query-input":{"@type":"PropertyValueSpecification","valueRequired":true,"valueName":"search_term_string"}}],"inLanguage":"en-US"},{"@type":"Organization","@id":"https:\/\/kiga-unterampfrach.de\/#organization","name":"Kindergarten Unterampfrach","url":"https:\/\/kiga-unterampfrach.de\/","logo":{"@type":"ImageObject","inLanguage":"en-US","@id":"https:\/\/kiga-unterampfrach.de\/#\/schema\/logo\/image\/","url":"https:\/\/kiga-unterampfrach.de\/wp-content\/uploads\/2024\/04\/cropped-logo1.jpg","contentUrl":"https:\/\/kiga-unterampfrach.de\/wp-content\/uploads\/2024\/04\/cropped-logo1.jpg","width":340,"height":206,"caption":"Kindergarten Unterampfrach"},"image":{"@id":"https:\/\/kiga-unterampfrach.de\/#\/schema\/logo\/image\/"}}]}},"featured_media_urls":[],"_links":{"self":[{"href":"https:\/\/kiga-unterampfrach.de\/index.php\/wp-json\/wp\/v2\/pages\/7","targetHints":{"allow":["GET"]}}],"collection":[{"href":"https:\/\/kiga-unterampfrach.de\/index.php\/wp-json\/wp\/v2\/pages"}],"about":[{"href":"https:\/\/kiga-unterampfrach.de\/index.php\/wp-json\/wp\/v2\/types\/page"}],"author":[{"embeddable":true,"href":"https:\/\/kiga-unterampfrach.de\/index.php\/wp-json\/wp\/v2\/users\/1"}],"replies":[{"embeddable":true,"href":"https:\/\/kiga-unterampfrach.de\/index.php\/wp-json\/wp\/v2\/comments?post=7"}],"version-history":[{"count":7,"href":"https:\/\/kiga-unterampfrach.de\/index.php\/wp-json\/wp\/v2\/pages\/7\/revisions"}],"predecessor-version":[{"id":6754,"href":"https:\/\/kiga-unterampfrach.de\/index.php\/wp-json\/wp\/v2\/pages\/7\/revisions\/6754"}],"wp:attachment":[{"href":"https:\/\/kiga-unterampfrach.de\/index.php\/wp-json\/wp\/v2\/media?parent=7"}],"curies":[{"name":"wp","href":"https:\/\/api.w.org\/{rel}","templated":true}]}}